{"id":485,"date":"2025-01-28T19:15:35","date_gmt":"2025-01-28T19:15:35","guid":{"rendered":"https:\/\/www.nimsistemas.es\/?page_id=485"},"modified":"2025-02-10T10:44:19","modified_gmt":"2025-02-10T10:44:19","slug":"backups","status":"publish","type":"page","link":"https:\/\/www.nimsistemas.es\/?page_id=485","title":{"rendered":"backups"},"content":{"rendered":"\n<div class=\"wp-block-uagb-container uagb-block-rrkl66mm alignwide uagb-is-root-container\">\n<div class=\"wp-block-uagb-info-box uagb-block-eeks6buk uagb-infobox__content-wrap  uagb-infobox-icon-above-title uagb-infobox-image-valign-top\"><div class=\"uagb-ifb-content\"><div class=\"uagb-ifb-title-wrap\"><h2 class=\"uagb-ifb-title\">BACKUP CLOUD &#8211; seguridad en la nube<\/h2><\/div><p class=\"uagb-ifb-desc\">ya sea en la nube o un medio f\u00edsico, tendr\u00e1s la tranquilidad de que sus datos est\u00e1n protegidos.<\/p><\/div><\/div>\n\n\n\n<div class=\"wp-block-uagb-container uagb-block-dzjncl4z\">\n<div class=\"wp-block-uagb-container uagb-block-cxub3ggf\">\n<div class=\"wp-block-uagb-image alignleft uagb-block-xw96leof wp-block-uagb-image--layout-default wp-block-uagb-image--effect-static wp-block-uagb-image--align-left\"><figure class=\"wp-block-uagb-image__figure\"><img loading=\"lazy\" decoding=\"async\" srcset=\"https:\/\/www.nimsistemas.es\/wp-content\/uploads\/2024\/12\/Backup-o-copia.jpg ,https:\/\/www.nimsistemas.es\/wp-content\/uploads\/2024\/12\/Backup-o-copia.jpg 780w, https:\/\/www.nimsistemas.es\/wp-content\/uploads\/2024\/12\/Backup-o-copia.jpg 360w\" sizes=\"auto, (max-width: 480px) 150px\" src=\"https:\/\/www.nimsistemas.es\/wp-content\/uploads\/2024\/12\/Backup-o-copia.jpg\" alt=\"\" class=\"uag-image-360\" width=\"600\" height=\"450\" title=\"Backup-o-copia\" loading=\"lazy\" role=\"img\"\/><\/figure><\/div>\n<\/div>\n\n\n\n<div class=\"wp-block-uagb-container uagb-block-c6yqwmea\">\n<div class=\"wp-block-uagb-info-box uagb-block-qo5ket7f uagb-infobox__content-wrap  uagb-infobox-icon-above-title uagb-infobox-image-valign-top\"><div class=\"uagb-ifb-content\"><div class=\"uagb-ifb-title-wrap\"><p class=\"uagb-ifb-title-prefix\">01 SEGURIDAD EN LA NUBE<\/p><h3 class=\"uagb-ifb-title\">Mayor acceso, mejor protecci\u00f3n<\/h3><\/div><p class=\"uagb-ifb-desc\">Acceda a sus archivos en cualquier momento y lugar d\u00f3nde tenga conexi\u00f3n a internet. Aisle sus datos frente a fallos de dispositivos, ciberataques o desastres naturales.<\/p><\/div><\/div>\n<\/div>\n\n\n\n<div class=\"wp-block-uagb-container uagb-block-u7ldnp0r\">\n<div class=\"wp-block-uagb-info-box uagb-block-ubq9ewvm uagb-infobox__content-wrap  uagb-infobox-icon-above-title uagb-infobox-image-valign-top\"><div class=\"uagb-ifb-content\"><div class=\"uagb-ifb-title-wrap\"><p class=\"uagb-ifb-title-prefix\">02 SEGURIDAD EN LA NUBE<\/p><h3 class=\"uagb-ifb-title\">Menor tiempo de inactividad<\/h3><\/div><p class=\"uagb-ifb-desc\">Asegurando de que podr\u00e1 restaurar sus datos o sistema por completo r\u00e1pidamente para que pueda continuar con su actividad.<\/p><\/div><\/div>\n<\/div>\n\n\n\n<div class=\"wp-block-uagb-container uagb-block-kbqn5tef\">\n<div class=\"wp-block-uagb-image alignleft uagb-block-ab8u7rcr wp-block-uagb-image--layout-default wp-block-uagb-image--effect-static wp-block-uagb-image--align-left\"><figure class=\"wp-block-uagb-image__figure\"><img loading=\"lazy\" decoding=\"async\" srcset=\"https:\/\/www.nimsistemas.es\/wp-content\/uploads\/2024\/12\/Servicios-informaticos-en-Castellon.jpg ,https:\/\/www.nimsistemas.es\/wp-content\/uploads\/2024\/12\/Servicios-informaticos-en-Castellon.jpg 780w, https:\/\/www.nimsistemas.es\/wp-content\/uploads\/2024\/12\/Servicios-informaticos-en-Castellon.jpg 360w\" sizes=\"auto, (max-width: 480px) 150px\" src=\"https:\/\/www.nimsistemas.es\/wp-content\/uploads\/2024\/12\/Servicios-informaticos-en-Castellon.jpg\" alt=\"\" class=\"uag-image-294\" width=\"600\" height=\"450\" title=\"Servicios-informaticos-en-Castellon\" loading=\"lazy\" role=\"img\"\/><\/figure><\/div>\n<\/div>\n\n\n\n<div class=\"wp-block-uagb-container uagb-block-hcozgxxn\">\n<div class=\"wp-block-uagb-image alignleft uagb-block-x4ofs5mo wp-block-uagb-image--layout-default wp-block-uagb-image--effect-static wp-block-uagb-image--align-left\"><figure class=\"wp-block-uagb-image__figure\"><img loading=\"lazy\" decoding=\"async\" srcset=\"https:\/\/www.nimsistemas.es\/wp-content\/uploads\/2024\/12\/controles-de-seguridad22.jpg ,https:\/\/www.nimsistemas.es\/wp-content\/uploads\/2024\/12\/controles-de-seguridad22.jpg 780w, https:\/\/www.nimsistemas.es\/wp-content\/uploads\/2024\/12\/controles-de-seguridad22.jpg 360w\" sizes=\"auto, (max-width: 480px) 150px\" src=\"https:\/\/www.nimsistemas.es\/wp-content\/uploads\/2024\/12\/controles-de-seguridad22.jpg\" alt=\"\" class=\"uag-image-345\" width=\"600\" height=\"450\" title=\"controles de seguridad22\" loading=\"lazy\" role=\"img\"\/><\/figure><\/div>\n<\/div>\n\n\n\n<div class=\"wp-block-uagb-container uagb-block-vhpwe0v8\">\n<div class=\"wp-block-uagb-info-box uagb-block-as8rvya4 uagb-infobox__content-wrap  uagb-infobox-icon-above-title uagb-infobox-image-valign-top\"><div class=\"uagb-ifb-content\"><div class=\"uagb-ifb-title-wrap\"><p class=\"uagb-ifb-title-prefix\">03 SEGURIDAD EN LA NUBE<\/p><h3 class=\"uagb-ifb-title\">Sus datos est\u00e1n protegidos<\/h3><\/div><p class=\"uagb-ifb-desc\">Incluir el almacenamiento cloud es una estrategia de seguridad para mantener los datos seguros y protegidos con cifrdo AES-256 y alta disponibilidad<\/p><\/div><\/div>\n<\/div>\n<\/div>\n<\/div>\n\n\n\n<div class=\"wp-block-uagb-container uagb-block-85e195a3 alignfull uagb-is-root-container\"><div class=\"uagb-container-inner-blocks-wrap\">\n<div class=\"wp-block-uagb-info-box uagb-block-22a8b58b uagb-infobox__content-wrap  uagb-infobox-icon-above-title uagb-infobox-image-valign-top\"><div class=\"uagb-ifb-content\"><div class=\"uagb-ifb-title-wrap\"><h2 class=\"uagb-ifb-title\">backup de seguridad local<\/h2><\/div><p class=\"uagb-ifb-desc\">sencillez para todo tipo de usuario, automatizado y en el entorno que decidas: servidor, red, HD externo<\/p><\/div><\/div>\n\n\n\n<div class=\"wp-block-uagb-container uagb-block-5c7c3afd\">\n<div class=\"wp-block-uagb-container uagb-block-eb64ba17\">\n<div class=\"wp-block-uagb-image alignleft uagb-block-6ca5495d wp-block-uagb-image--layout-default wp-block-uagb-image--effect-static wp-block-uagb-image--align-left\"><figure class=\"wp-block-uagb-image__figure\"><img loading=\"lazy\" decoding=\"async\" srcset=\"https:\/\/www.nimsistemas.es\/wp-content\/uploads\/2025\/02\/local-backup.jpg ,https:\/\/www.nimsistemas.es\/wp-content\/uploads\/2025\/02\/local-backup.jpg 780w, https:\/\/www.nimsistemas.es\/wp-content\/uploads\/2025\/02\/local-backup.jpg 360w\" sizes=\"auto, (max-width: 480px) 150px\" src=\"https:\/\/www.nimsistemas.es\/wp-content\/uploads\/2025\/02\/local-backup.jpg\" alt=\"\" class=\"uag-image-518\" width=\"600\" height=\"450\" title=\"local-backup\" loading=\"lazy\" role=\"img\"\/><\/figure><\/div>\n<\/div>\n\n\n\n<div class=\"wp-block-uagb-container uagb-block-26a8591b\">\n<div class=\"wp-block-uagb-info-box uagb-block-b5924454 uagb-infobox__content-wrap  uagb-infobox-icon-above-title uagb-infobox-image-valign-top\"><div class=\"uagb-ifb-content\"><div class=\"uagb-ifb-title-wrap\"><p class=\"uagb-ifb-title-prefix\">01 SEGURIDAD LOCAL<\/p><h3 class=\"uagb-ifb-title\">Automatizado<\/h3><\/div><p class=\"uagb-ifb-desc\">Acceda a sus archivos en cualquier momento. Automatizado y programable con el software de copias y almacenados en otro dispositivo local.<\/p><\/div><\/div>\n<\/div>\n\n\n\n<div class=\"wp-block-uagb-container uagb-block-7caaa195\">\n<div class=\"wp-block-uagb-info-box uagb-block-c12cdbb6 uagb-infobox__content-wrap  uagb-infobox-icon-above-title uagb-infobox-image-valign-top\"><div class=\"uagb-ifb-content\"><div class=\"uagb-ifb-title-wrap\"><p class=\"uagb-ifb-title-prefix\">02 SEGURIDAD LOCAL<\/p><h3 class=\"uagb-ifb-title\">Sencillez<\/h3><\/div><p class=\"uagb-ifb-desc\">Cualquier usuario autorizado podr\u00e1 visionar y recuperar autom\u00e1ticamente los datos guardados en el dispositivo local de seguridad.<\/p><\/div><\/div>\n<\/div>\n\n\n\n<div class=\"wp-block-uagb-container uagb-block-13170530\">\n<div class=\"wp-block-uagb-image alignleft uagb-block-b5b061fb wp-block-uagb-image--layout-default wp-block-uagb-image--effect-static wp-block-uagb-image--align-left\"><figure class=\"wp-block-uagb-image__figure\"><img loading=\"lazy\" decoding=\"async\" srcset=\"https:\/\/www.nimsistemas.es\/wp-content\/uploads\/2025\/02\/copias-de-seguridad.jpg ,https:\/\/www.nimsistemas.es\/wp-content\/uploads\/2025\/02\/copias-de-seguridad.jpg 780w, https:\/\/www.nimsistemas.es\/wp-content\/uploads\/2025\/02\/copias-de-seguridad.jpg 360w\" sizes=\"auto, (max-width: 480px) 150px\" src=\"https:\/\/www.nimsistemas.es\/wp-content\/uploads\/2025\/02\/copias-de-seguridad.jpg\" alt=\"\" class=\"uag-image-516\" width=\"600\" height=\"450\" title=\"copias-de-seguridad\" loading=\"lazy\" role=\"img\"\/><\/figure><\/div>\n<\/div>\n<\/div>\n<\/div><\/div>\n\n\n\n<p><\/p>\n\n\n\n<div class=\"wp-block-uagb-container uagb-block-gifcwtve alignfull uagb-is-root-container\">\n<div class=\"wp-block-uagb-info-box uagb-block-hbqvhuv6 uagb-infobox__content-wrap  uagb-infobox-icon-above-title uagb-infobox-image-valign-top\"><div class=\"uagb-ifb-content\"><div class=\"uagb-ifb-title-wrap\"><h2 class=\"uagb-ifb-title\"> control total de los datos<\/h2><\/div><\/div><\/div>\n\n\n\n<div class=\"wp-block-uagb-container uagb-block-rabaa9nd\">\n<div class=\"wp-block-uagb-info-box uagb-block-dx7wlq5n uagb-infobox__content-wrap  uagb-infobox-icon-above-title uagb-infobox-image-valign-top\"><div class=\"uagb-ifb-content\"><div class=\"uagb-ifb-title-wrap\"><\/div><p class=\"uagb-ifb-desc\">el almacenamiento en la nube es la forma mas flexible, rentable y segura de hacer copias de seguridad de los archivos, sistemas y programas cr\u00edticos<\/p><\/div><\/div>\n<\/div>\n\n\n\n<div class=\"wp-block-uagb-separator uagb-block-ysk0hs74\"><div class=\"wp-block-uagb-separator__inner\" style=\"--my-background-image:\"><\/div><\/div>\n\n\n\n<div class=\"wp-block-uagb-container uagb-block-narlyytn\">\n<div class=\"wp-block-uagb-info-box uagb-block-e9vbiblo uagb-infobox__content-wrap  uagb-infobox-icon-above-title uagb-infobox-image-valign-top\"><div class=\"uagb-ifb-content\"><div class=\"uagb-ifb-image-content\"><img decoding=\"async\" src=\"https:\/\/www.nimsistemas.es\/wp-content\/uploads\/2025\/01\/nube-150x150.jpeg\" alt=\"\" width=\"\" height=\"0\" loading=\"lazy\"\/><\/div><div class=\"uagb-ifb-title-wrap\"><p class=\"uagb-ifb-title\">cobertura total<\/p><\/div><p class=\"uagb-ifb-desc\">Copias de seguridad de discos, particiones, archivos, carpetas, maquinas virtuales.<\/p><\/div><\/div>\n\n\n\n<div class=\"wp-block-uagb-info-box uagb-block-5jhp2sek uagb-infobox__content-wrap  uagb-infobox-icon-above-title uagb-infobox-image-valign-top\"><div class=\"uagb-ifb-content\"><div class=\"uagb-ifb-image-content\"><img decoding=\"async\" src=\"https:\/\/www.nimsistemas.es\/wp-content\/uploads\/2025\/01\/Screen-Shot-2024-01-12-at-8.51.46-AM-150x150.webp\" alt=\"\" width=\"\" height=\"0\" loading=\"lazy\"\/><\/div><div class=\"uagb-ifb-title-wrap\"><p class=\"uagb-ifb-title\">Control flexible<\/p><\/div><p class=\"uagb-ifb-desc\">Copias de seguridad completas, imagenes, diferenciales, incrementales o una combinacion.<\/p><\/div><\/div>\n\n\n\n<div class=\"wp-block-uagb-info-box uagb-block-ura4dexr uagb-infobox__content-wrap  uagb-infobox-icon-above-title uagb-infobox-image-valign-top\"><div class=\"uagb-ifb-content\"><div class=\"uagb-ifb-image-content\"><img decoding=\"async\" src=\"https:\/\/www.nimsistemas.es\/wp-content\/uploads\/2025\/01\/copias-redundantes-150x150.jpg\" alt=\"\" width=\"\" height=\"0\" loading=\"lazy\"\/><\/div><div class=\"uagb-ifb-title-wrap\"><p class=\"uagb-ifb-title\">Copias redundantes<\/p><\/div><p class=\"uagb-ifb-desc\">Adem\u00e1s creamos una segunda copia de seguridad redundante mas fiable que los tradicionales.<\/p><\/div><\/div>\n\n\n\n<div class=\"wp-block-uagb-info-box uagb-block-m2zm6ccn uagb-infobox__content-wrap  uagb-infobox-icon-above-title uagb-infobox-image-valign-top\"><div class=\"uagb-ifb-content\"><div class=\"uagb-ifb-image-content\"><img decoding=\"async\" src=\"https:\/\/www.nimsistemas.es\/wp-content\/uploads\/2025\/01\/seguridad-con-cetificacion-150x150.jpg\" alt=\"\" width=\"\" height=\"0\" loading=\"lazy\"\/><\/div><div class=\"uagb-ifb-title-wrap\"><p class=\"uagb-ifb-title\">Seguridad con certificaci\u00f3n<\/p><\/div><p class=\"uagb-ifb-desc\">Prevenimos de desastres que garantiza la seguridad 24x7x365 con tecnolog\u00eda IA en tiempo real.<\/p><\/div><\/div>\n<\/div>\n<\/div>\n\n\n\n<p><\/p>\n","protected":false},"excerpt":{"rendered":"","protected":false},"author":2,"featured_media":0,"parent":0,"menu_order":0,"comment_status":"closed","ping_status":"closed","template":"","meta":{"_uag_custom_page_level_css":"","footnotes":""},"class_list":["post-485","page","type-page","status-publish","hentry"],"uagb_featured_image_src":{"full":false,"thumbnail":false,"medium":false,"medium_large":false,"large":false,"1536x1536":false,"2048x2048":false},"uagb_author_info":{"display_name":"NIMSISTEMAS","author_link":"https:\/\/www.nimsistemas.es\/?author=2"},"uagb_comment_info":0,"uagb_excerpt":null,"_links":{"self":[{"href":"https:\/\/www.nimsistemas.es\/index.php?rest_route=\/wp\/v2\/pages\/485","targetHints":{"allow":["GET"]}}],"collection":[{"href":"https:\/\/www.nimsistemas.es\/index.php?rest_route=\/wp\/v2\/pages"}],"about":[{"href":"https:\/\/www.nimsistemas.es\/index.php?rest_route=\/wp\/v2\/types\/page"}],"author":[{"embeddable":true,"href":"https:\/\/www.nimsistemas.es\/index.php?rest_route=\/wp\/v2\/users\/2"}],"replies":[{"embeddable":true,"href":"https:\/\/www.nimsistemas.es\/index.php?rest_route=%2Fwp%2Fv2%2Fcomments&post=485"}],"version-history":[{"count":10,"href":"https:\/\/www.nimsistemas.es\/index.php?rest_route=\/wp\/v2\/pages\/485\/revisions"}],"predecessor-version":[{"id":514,"href":"https:\/\/www.nimsistemas.es\/index.php?rest_route=\/wp\/v2\/pages\/485\/revisions\/514"}],"wp:attachment":[{"href":"https:\/\/www.nimsistemas.es\/index.php?rest_route=%2Fwp%2Fv2%2Fmedia&parent=485"}],"curies":[{"name":"wp","href":"https:\/\/api.w.org\/{rel}","templated":true}]}}