{"id":456,"date":"2025-01-25T22:02:24","date_gmt":"2025-01-25T22:02:24","guid":{"rendered":"https:\/\/www.nimsistemas.es\/?page_id=456"},"modified":"2025-01-25T22:02:24","modified_gmt":"2025-01-25T22:02:24","slug":"outsourcing-it","status":"publish","type":"page","link":"https:\/\/www.nimsistemas.es\/?page_id=456","title":{"rendered":"Outsourcing IT"},"content":{"rendered":"\n<div class=\"wp-block-uagb-container uagb-block-fqvs0fqe alignfull uagb-is-root-container\">\n<div class=\"wp-block-uagb-info-box uagb-block-1qqcbtgy uagb-infobox__content-wrap  uagb-infobox-icon-above-title uagb-infobox-image-valign-top\"><div class=\"uagb-ifb-content\"><div class=\"uagb-ifb-title-wrap\"><h2 class=\"uagb-ifb-title\">mantenimiento inform\u00e1tico &#8211; Outsourcing IT<\/h2><\/div><\/div><\/div>\n\n\n\n<div class=\"wp-block-uagb-container uagb-block-23w74yh6\">\n<div class=\"wp-block-uagb-container uagb-block-08ty4rf8\">\n<div class=\"wp-block-uagb-info-box uagb-block-qzixvug9 uagb-infobox__content-wrap  uagb-infobox-icon-above-title uagb-infobox-image-valign-top\"><div class=\"uagb-ifb-content\"><div class=\"uagb-ifb-title-wrap\"><h3 class=\"uagb-ifb-title\">Asistencia t\u00e9cnica 24h<\/h3><\/div><p class=\"uagb-ifb-desc\">abordamos cu\u00e1lquier problema t\u00e9cnico en menos de 24h asegurando que , siendo particular o empresa no pierda tiempo, actividad ni productividad debido a problemas inform\u00e1ticos<\/p><\/div><\/div>\n<\/div>\n\n\n\n<div class=\"wp-block-uagb-container uagb-block-nughba0m\">\n<div class=\"wp-block-uagb-info-box uagb-block-zgpnhsmw uagb-infobox__content-wrap  uagb-infobox-icon-above-title uagb-infobox-image-valign-top\"><div class=\"uagb-ifb-content\"><div class=\"uagb-ifb-title-wrap\"><h3 class=\"uagb-ifb-title\">Outsourcing IT <\/h3><\/div><p class=\"uagb-ifb-desc\">toda la gesti\u00f3n de la infraestructura tecnol\u00f3gica en manos de expertos, delegando las responsabilidades t\u00e9cnicas a nuestro equipo y adaptado a las necesidades de su empresa<\/p><\/div><\/div>\n<\/div>\n\n\n\n<div class=\"wp-block-uagb-container uagb-block-jg1ehdzb\">\n<div class=\"wp-block-uagb-info-box uagb-block-xskventj uagb-infobox__content-wrap  uagb-infobox-icon-above-title uagb-infobox-image-valign-top\"><div class=\"uagb-ifb-content\"><div class=\"uagb-ifb-title-wrap\"><h3 class=\"uagb-ifb-title\">Soluciones Tecnol\u00f3gicas<\/h3><\/div><p class=\"uagb-ifb-desc\">Tanto cliente particular como empresa, damos soluciones a sus necesidades: virus programas, drivers, sistemas operativos, redes, reparaci\u00f3n de equipos informaticos, port\u00e1tiles&#8230;<\/p><\/div><\/div>\n<\/div>\n<\/div>\n<\/div>\n\n\n\n<p><\/p>\n\n\n\n<div class=\"wp-block-uagb-container uagb-block-wrnqqgar alignfull uagb-is-root-container\"><div class=\"uagb-container-inner-blocks-wrap\">\n<div class=\"wp-block-uagb-container uagb-block-oqac80ul\">\n<div class=\"wp-block-uagb-image alignleft uagb-block-eizx5uqo wp-block-uagb-image--layout-default wp-block-uagb-image--effect-static wp-block-uagb-image--align-left\"><figure class=\"wp-block-uagb-image__figure\"><img loading=\"lazy\" decoding=\"async\" srcset=\"https:\/\/www.nimsistemas.es\/wp-content\/uploads\/2025\/01\/operaciones-gestion-de-servicios.jpg ,https:\/\/www.nimsistemas.es\/wp-content\/uploads\/2025\/01\/operaciones-gestion-de-servicios.jpg 780w, https:\/\/www.nimsistemas.es\/wp-content\/uploads\/2025\/01\/operaciones-gestion-de-servicios.jpg 360w\" sizes=\"auto, (max-width: 480px) 150px\" src=\"https:\/\/www.nimsistemas.es\/wp-content\/uploads\/2025\/01\/operaciones-gestion-de-servicios.jpg\" alt=\"\" class=\"uag-image-438\" width=\"230\" height=\"360\" title=\"operaciones-gestion-de-servicios\" loading=\"lazy\" role=\"img\"\/><\/figure><\/div>\n\n\n\n<div class=\"wp-block-uagb-image alignleft uagb-block-irudf7kf wp-block-uagb-image--layout-default wp-block-uagb-image--effect-static wp-block-uagb-image--align-left\"><figure class=\"wp-block-uagb-image__figure\"><img loading=\"lazy\" decoding=\"async\" srcset=\"https:\/\/www.nimsistemas.es\/wp-content\/uploads\/2025\/01\/1000_F_366431055_A0jrvkunt44.jpg ,https:\/\/www.nimsistemas.es\/wp-content\/uploads\/2025\/01\/1000_F_366431055_A0jrvkunt44.jpg 780w, https:\/\/www.nimsistemas.es\/wp-content\/uploads\/2025\/01\/1000_F_366431055_A0jrvkunt44.jpg 360w\" sizes=\"auto, (max-width: 480px) 150px\" src=\"https:\/\/www.nimsistemas.es\/wp-content\/uploads\/2025\/01\/1000_F_366431055_A0jrvkunt44.jpg\" alt=\"\" class=\"uag-image-430\" width=\"230\" height=\"360\" title=\"1000_F_366431055_A0jrvkunt44\" loading=\"lazy\" role=\"img\"\/><\/figure><\/div>\n<\/div>\n\n\n\n<div class=\"wp-block-uagb-container uagb-block-5dqoladx\">\n<div class=\"wp-block-uagb-info-box uagb-block-khrjwx13 uagb-infobox__content-wrap  uagb-infobox-icon-above-title uagb-infobox-image-valign-top\"><div class=\"uagb-ifb-content\"><div class=\"uagb-ifb-title-wrap\"><p class=\"uagb-ifb-title-prefix\">OUTSOURCING IT<\/p><h3 class=\"uagb-ifb-title\">Soluciones para los nuevos desaf\u00edos <\/h3><\/div><p class=\"uagb-ifb-desc\">Conocido como servicios gestionados, nos encargamos de toda la infraestructura tecnol\u00f3gica,  de forma continua y sin afectar a la actividad diaria de la empresa, reduciendo costes.<\/p><\/div><\/div>\n\n\n\n<div class=\"wp-block-uagb-icon-list uagb-block-uon1e3og\"><div class=\"uagb-icon-list__wrap\">\n<div class=\"wp-block-uagb-icon-list-child uagb-block-ukhy4huc\"><span class=\"uagb-icon-list__source-wrap\"><svg xmlns=\"https:\/\/www.w3.org\/2000\/svg\" viewBox=\"0 0 448 512\"><path d=\"M438.6 105.4C451.1 117.9 451.1 138.1 438.6 150.6L182.6 406.6C170.1 419.1 149.9 419.1 137.4 406.6L9.372 278.6C-3.124 266.1-3.124 245.9 9.372 233.4C21.87 220.9 42.13 220.9 54.63 233.4L159.1 338.7L393.4 105.4C405.9 92.88 426.1 92.88 438.6 105.4H438.6z\"><\/path><\/svg><\/span><span class=\"uagb-icon-list__label\">Monitorizaci\u00f3n de equipos , servidores y redes<\/span><\/div>\n\n\n\n<div class=\"wp-block-uagb-icon-list-child uagb-block-4vjp6nv8\"><span class=\"uagb-icon-list__source-wrap\"><svg xmlns=\"https:\/\/www.w3.org\/2000\/svg\" viewBox=\"0 0 448 512\"><path d=\"M438.6 105.4C451.1 117.9 451.1 138.1 438.6 150.6L182.6 406.6C170.1 419.1 149.9 419.1 137.4 406.6L9.372 278.6C-3.124 266.1-3.124 245.9 9.372 233.4C21.87 220.9 42.13 220.9 54.63 233.4L159.1 338.7L393.4 105.4C405.9 92.88 426.1 92.88 438.6 105.4H438.6z\"><\/path><\/svg><\/span><span class=\"uagb-icon-list__label\">Urgencias inform\u00e1ticas, equipos y redes<\/span><\/div>\n\n\n\n<div class=\"wp-block-uagb-icon-list-child uagb-block-1lzkgqun\"><span class=\"uagb-icon-list__source-wrap\"><svg xmlns=\"https:\/\/www.w3.org\/2000\/svg\" viewBox=\"0 0 448 512\"><path d=\"M438.6 105.4C451.1 117.9 451.1 138.1 438.6 150.6L182.6 406.6C170.1 419.1 149.9 419.1 137.4 406.6L9.372 278.6C-3.124 266.1-3.124 245.9 9.372 233.4C21.87 220.9 42.13 220.9 54.63 233.4L159.1 338.7L393.4 105.4C405.9 92.88 426.1 92.88 438.6 105.4H438.6z\"><\/path><\/svg><\/span><span class=\"uagb-icon-list__label\">Optimizaci\u00f3n de los procesos inform\u00e1ticos y software<\/span><\/div>\n\n\n\n<div class=\"wp-block-uagb-icon-list-child uagb-block-l6o1ns4r\"><span class=\"uagb-icon-list__source-wrap\"><svg xmlns=\"https:\/\/www.w3.org\/2000\/svg\" viewBox=\"0 0 448 512\"><path d=\"M438.6 105.4C451.1 117.9 451.1 138.1 438.6 150.6L182.6 406.6C170.1 419.1 149.9 419.1 137.4 406.6L9.372 278.6C-3.124 266.1-3.124 245.9 9.372 233.4C21.87 220.9 42.13 220.9 54.63 233.4L159.1 338.7L393.4 105.4C405.9 92.88 426.1 92.88 438.6 105.4H438.6z\"><\/path><\/svg><\/span><span class=\"uagb-icon-list__label\">Backups y planes de contingencia<\/span><\/div>\n\n\n\n<div class=\"wp-block-uagb-icon-list-child uagb-block-d8d16afb\"><span class=\"uagb-icon-list__source-wrap\"><svg xmlns=\"https:\/\/www.w3.org\/2000\/svg\" viewBox=\"0 0 448 512\"><path d=\"M438.6 105.4C451.1 117.9 451.1 138.1 438.6 150.6L182.6 406.6C170.1 419.1 149.9 419.1 137.4 406.6L9.372 278.6C-3.124 266.1-3.124 245.9 9.372 233.4C21.87 220.9 42.13 220.9 54.63 233.4L159.1 338.7L393.4 105.4C405.9 92.88 426.1 92.88 438.6 105.4H438.6z\"><\/path><\/svg><\/span><span class=\"uagb-icon-list__label\">Gesti\u00f3n de la Ciberseguridad<\/span><\/div>\n\n\n\n<div class=\"wp-block-uagb-icon-list-child uagb-block-977e58af\"><span class=\"uagb-icon-list__source-wrap\"><svg xmlns=\"https:\/\/www.w3.org\/2000\/svg\" viewBox=\"0 0 448 512\"><path d=\"M438.6 105.4C451.1 117.9 451.1 138.1 438.6 150.6L182.6 406.6C170.1 419.1 149.9 419.1 137.4 406.6L9.372 278.6C-3.124 266.1-3.124 245.9 9.372 233.4C21.87 220.9 42.13 220.9 54.63 233.4L159.1 338.7L393.4 105.4C405.9 92.88 426.1 92.88 438.6 105.4H438.6z\"><\/path><\/svg><\/span><span class=\"uagb-icon-list__label\">Operatividad total de los sistemas inform\u00e1ticos<\/span><\/div>\n<\/div><\/div>\n<\/div>\n<\/div><\/div>\n\n\n\n<p><\/p>\n","protected":false},"excerpt":{"rendered":"","protected":false},"author":2,"featured_media":0,"parent":0,"menu_order":0,"comment_status":"closed","ping_status":"closed","template":"","meta":{"_uag_custom_page_level_css":"","footnotes":""},"class_list":["post-456","page","type-page","status-publish","hentry"],"uagb_featured_image_src":{"full":false,"thumbnail":false,"medium":false,"medium_large":false,"large":false,"1536x1536":false,"2048x2048":false},"uagb_author_info":{"display_name":"NIMSISTEMAS","author_link":"https:\/\/www.nimsistemas.es\/?author=2"},"uagb_comment_info":0,"uagb_excerpt":null,"_links":{"self":[{"href":"https:\/\/www.nimsistemas.es\/index.php?rest_route=\/wp\/v2\/pages\/456","targetHints":{"allow":["GET"]}}],"collection":[{"href":"https:\/\/www.nimsistemas.es\/index.php?rest_route=\/wp\/v2\/pages"}],"about":[{"href":"https:\/\/www.nimsistemas.es\/index.php?rest_route=\/wp\/v2\/types\/page"}],"author":[{"embeddable":true,"href":"https:\/\/www.nimsistemas.es\/index.php?rest_route=\/wp\/v2\/users\/2"}],"replies":[{"embeddable":true,"href":"https:\/\/www.nimsistemas.es\/index.php?rest_route=%2Fwp%2Fv2%2Fcomments&post=456"}],"version-history":[{"count":1,"href":"https:\/\/www.nimsistemas.es\/index.php?rest_route=\/wp\/v2\/pages\/456\/revisions"}],"predecessor-version":[{"id":457,"href":"https:\/\/www.nimsistemas.es\/index.php?rest_route=\/wp\/v2\/pages\/456\/revisions\/457"}],"wp:attachment":[{"href":"https:\/\/www.nimsistemas.es\/index.php?rest_route=%2Fwp%2Fv2%2Fmedia&parent=456"}],"curies":[{"name":"wp","href":"https:\/\/api.w.org\/{rel}","templated":true}]}}