{"id":403,"date":"2025-01-25T08:44:01","date_gmt":"2025-01-25T08:44:01","guid":{"rendered":"https:\/\/www.nimsistemas.es\/?page_id=403"},"modified":"2025-02-17T17:19:11","modified_gmt":"2025-02-17T17:19:11","slug":"auditoria-informatica","status":"publish","type":"page","link":"https:\/\/www.nimsistemas.es\/?page_id=403","title":{"rendered":"Auditoria Inform\u00e1tica"},"content":{"rendered":"\n<div class=\"wp-block-uagb-container uagb-block-8ezfzkb6 alignfull uagb-is-root-container\"><div class=\"uagb-container-inner-blocks-wrap\">\n<div class=\"wp-block-uagb-info-box uagb-block-x0tkxymr uagb-infobox__content-wrap  uagb-infobox-icon-above-title uagb-infobox-image-valign-top\"><div class=\"uagb-ifb-content\"><div class=\"uagb-ifb-title-wrap\"><h2 class=\"uagb-ifb-title\">\u00bfEn qu\u00e9 consiste una auditoria inform\u00e1tica?<\/h2><\/div><p class=\"uagb-ifb-desc\">Una auditor\u00eda inform\u00e1tica es un proceso en el cu\u00e1l se hace un an\u00e1lisis a toda la infraestructura de los recursos IT de una empresa. Esto permitir\u00e1 conocer el estado de la seguridad actual y as\u00ed eliminar las vulnerabilidades y elevar el nivel de protecci\u00f3n de los recursos inform\u00e1ticos, mediante inventarios y revisando los mecanismos de control y gesti\u00f3n de los activos.<\/p><\/div><\/div>\n\n\n\n<div class=\"wp-block-uagb-container uagb-block-4r753nz2\">\n<div class=\"wp-block-uagb-container uagb-block-0rhwgvxp\">\n<div class=\"wp-block-uagb-info-box uagb-block-l4fovwly uagb-infobox__content-wrap  uagb-infobox-icon-above-title uagb-infobox-image-valign-top\"><div class=\"uagb-ifb-content\"><div class=\"uagb-ifb-title-wrap\"><h3 class=\"uagb-ifb-title\">\u00bfQu\u00e9 ventajas tiene?<\/h3><\/div><p class=\"uagb-ifb-desc\">-Permite optimizar los recursos inform\u00e1ticos de la organizaci\u00f3n.<br>-Habilita los sistemas de gesti\u00f3n de seguridad y actualiza las pol\u00edticas actuales de seguridad de la organizaci\u00f3n.<br>-Reduce riesgos al eliminar efectivamente las vulnerabilidades.<br>-Permite que se tomen acciones antes de que se vulnere la seguridad de los sistemas inform\u00e1ticos.<br>-En caso de sufrir un incidente de seguridad, con una auditoria se  puede marcar un camino claro de actuaci\u00f3n.<br>-Adaptabilidad y escalabilidad a nuevas tecnologias.<br>-Permite un mejor uso de los recursos.<br><\/p><\/div><\/div>\n<\/div>\n\n\n\n<div class=\"wp-block-uagb-image alignleft uagb-block-8cfjxyh5 wp-block-uagb-image--layout-default wp-block-uagb-image--effect-static wp-block-uagb-image--align-left\"><figure class=\"wp-block-uagb-image__figure\"><img loading=\"lazy\" decoding=\"async\" srcset=\"https:\/\/www.nimsistemas.es\/wp-content\/uploads\/2025\/01\/auditoria-informatica.png ,https:\/\/www.nimsistemas.es\/wp-content\/uploads\/2025\/01\/auditoria-informatica.png 780w, https:\/\/www.nimsistemas.es\/wp-content\/uploads\/2025\/01\/auditoria-informatica.png 360w\" sizes=\"auto, (max-width: 480px) 150px\" src=\"https:\/\/www.nimsistemas.es\/wp-content\/uploads\/2025\/01\/auditoria-informatica.png\" alt=\"\" class=\"uag-image-421\" width=\"545\" height=\"317\" title=\"auditoria informatica\" loading=\"lazy\" role=\"img\"\/><\/figure><\/div>\n<\/div>\n<\/div><\/div>\n\n\n\n<p><\/p>\n\n\n\n<div class=\"wp-block-uagb-container uagb-block-pizzyiwd alignfull uagb-is-root-container\"><div class=\"uagb-container-inner-blocks-wrap\">\n<div class=\"wp-block-uagb-container uagb-block-6le6uwbg\">\n<div class=\"wp-block-uagb-image alignleft uagb-block-fra18rga wp-block-uagb-image--layout-default wp-block-uagb-image--effect-static wp-block-uagb-image--align-left\"><figure class=\"wp-block-uagb-image__figure\"><img loading=\"lazy\" decoding=\"async\" srcset=\"https:\/\/www.nimsistemas.es\/wp-content\/uploads\/2025\/01\/network-inventory-lansweeper--1024x576.jpg ,https:\/\/www.nimsistemas.es\/wp-content\/uploads\/2025\/01\/network-inventory-lansweeper-.jpg 780w, https:\/\/www.nimsistemas.es\/wp-content\/uploads\/2025\/01\/network-inventory-lansweeper-.jpg 360w\" sizes=\"auto, (max-width: 480px) 150px\" src=\"https:\/\/www.nimsistemas.es\/wp-content\/uploads\/2025\/01\/network-inventory-lansweeper--1024x576.jpg\" alt=\"\" class=\"uag-image-413\" width=\"564\" height=\"400\" title=\"network-inventory-lansweeper-\" loading=\"lazy\" role=\"img\"\/><\/figure><\/div>\n\n\n\n<div class=\"wp-block-uagb-info-box uagb-block-vfm5ep34 uagb-infobox__content-wrap  uagb-infobox-icon-above-title uagb-infobox-image-valign-top\"><div class=\"uagb-ifb-content\"><div class=\"uagb-ifb-title-wrap\"><p class=\"uagb-ifb-title-prefix\">01<\/p><h3 class=\"uagb-ifb-title\">Inventario de equipos y redes<\/h3><\/div><p class=\"uagb-ifb-desc\">inventariado de todos los equipos y dispositivos conectados a la red de la empresa, ordenadores, servidores, impresoras, routers, switch, AP , licencias de software y suscripciones en la nube. Con esta informaci\u00f3n creamos un diagrama de red que muestra la interconexi\u00f3n de los dispositivos pudiendo identificar los cuellos de botella y posibles vulnerabilidades.<\/p><\/div><\/div>\n<\/div>\n\n\n\n<div class=\"wp-block-uagb-container uagb-block-jhuc6hcu\">\n<div class=\"wp-block-uagb-image alignleft uagb-block-jcwfn2iv wp-block-uagb-image--layout-default wp-block-uagb-image--effect-static wp-block-uagb-image--align-left\"><figure class=\"wp-block-uagb-image__figure\"><img loading=\"lazy\" decoding=\"async\" srcset=\"https:\/\/www.nimsistemas.es\/wp-content\/uploads\/2024\/12\/gestion-del-software.jpg ,https:\/\/www.nimsistemas.es\/wp-content\/uploads\/2024\/12\/gestion-del-software.jpg 780w, https:\/\/www.nimsistemas.es\/wp-content\/uploads\/2024\/12\/gestion-del-software.jpg 360w\" sizes=\"auto, (max-width: 480px) 150px\" src=\"https:\/\/www.nimsistemas.es\/wp-content\/uploads\/2024\/12\/gestion-del-software.jpg\" alt=\"\" class=\"uag-image-351\" width=\"564\" height=\"400\" title=\"gestion del software\" loading=\"lazy\" role=\"img\"\/><\/figure><\/div>\n\n\n\n<div class=\"wp-block-uagb-info-box uagb-block-2xandodf uagb-infobox__content-wrap  uagb-infobox-icon-above-title uagb-infobox-image-valign-top\"><div class=\"uagb-ifb-content\"><div class=\"uagb-ifb-title-wrap\"><p class=\"uagb-ifb-title-prefix\">02<\/p><h3 class=\"uagb-ifb-title\">Auditoria de Seguridad<\/h3><\/div><p class=\"uagb-ifb-desc\">Identificando las debilidades en los sistemas de seguridad que pueden permitir el filtrado de datos o ataques inform\u00e1ticos, accesos no autorizados a la red y a los sistemas asegurando de que no existen brechas de seguridad y evaluando el cumplimiento del RGPD, tomando medidas correctivas para garantizar su cumplimiento.<\/p><\/div><\/div>\n<\/div>\n<\/div><\/div>\n\n\n\n<div class=\"wp-block-uagb-container uagb-block-b64fd874 alignfull uagb-is-root-container\"><div class=\"uagb-container-inner-blocks-wrap\">\n<div class=\"wp-block-uagb-container uagb-block-4489d4db\">\n<div class=\"wp-block-uagb-image alignleft uagb-block-53000899 wp-block-uagb-image--layout-default wp-block-uagb-image--effect-static wp-block-uagb-image--align-left\"><figure class=\"wp-block-uagb-image__figure\"><img loading=\"lazy\" decoding=\"async\" srcset=\"https:\/\/www.nimsistemas.es\/wp-content\/uploads\/2024\/12\/dashboard2-1016x1024.jpg ,https:\/\/www.nimsistemas.es\/wp-content\/uploads\/2024\/12\/dashboard2.jpg 780w, https:\/\/www.nimsistemas.es\/wp-content\/uploads\/2024\/12\/dashboard2.jpg 360w\" sizes=\"auto, (max-width: 480px) 150px\" src=\"https:\/\/www.nimsistemas.es\/wp-content\/uploads\/2024\/12\/dashboard2-1016x1024.jpg\" alt=\"\" class=\"uag-image-375\" width=\"564\" height=\"400\" title=\"dashboard2\" loading=\"lazy\" role=\"img\"\/><\/figure><\/div>\n\n\n\n<div class=\"wp-block-uagb-info-box uagb-block-53320589 uagb-infobox__content-wrap  uagb-infobox-icon-above-title uagb-infobox-image-valign-top\"><div class=\"uagb-ifb-content\"><div class=\"uagb-ifb-title-wrap\"><p class=\"uagb-ifb-title-prefix\">03<\/p><h3 class=\"uagb-ifb-title\">Medidas correctivas y preventivas<\/h3><\/div><p class=\"uagb-ifb-desc\">Tras identificar las vulnerabilidades proponemos una serie de medidas correctivas para solucionar los problemas detectados y medidas correctivas para fortalecer la seguridad y el rendimiento de los sistemas, actualizando el software , Sistemas operativos, instalaci\u00f3n de firewall y detecci\u00f3n de intrusos (IDS) , VPN, autenticaci\u00f3n, encriptado de datos y pol\u00edticas de backup.<\/p><\/div><\/div>\n<\/div>\n\n\n\n<div class=\"wp-block-uagb-container uagb-block-c2c2bd2c\">\n<div class=\"wp-block-uagb-image alignleft uagb-block-86d9a3db wp-block-uagb-image--layout-default wp-block-uagb-image--effect-static wp-block-uagb-image--align-left\"><figure class=\"wp-block-uagb-image__figure\"><img loading=\"lazy\" decoding=\"async\" srcset=\"https:\/\/www.nimsistemas.es\/wp-content\/uploads\/2025\/02\/estudio-ciberseguridad.jpg ,https:\/\/www.nimsistemas.es\/wp-content\/uploads\/2025\/02\/estudio-ciberseguridad.jpg 780w, https:\/\/www.nimsistemas.es\/wp-content\/uploads\/2025\/02\/estudio-ciberseguridad.jpg 360w\" sizes=\"auto, (max-width: 480px) 150px\" src=\"https:\/\/www.nimsistemas.es\/wp-content\/uploads\/2025\/02\/estudio-ciberseguridad.jpg\" alt=\"\" class=\"uag-image-704\" width=\"564\" height=\"400\" title=\"estudio ciberseguridad\" loading=\"lazy\" role=\"img\"\/><\/figure><\/div>\n\n\n\n<div class=\"wp-block-uagb-info-box uagb-block-3bce3727 uagb-infobox__content-wrap  uagb-infobox-icon-above-title uagb-infobox-image-valign-top\"><div class=\"uagb-ifb-content\"><div class=\"uagb-ifb-title-wrap\"><p class=\"uagb-ifb-title-prefix\">04<\/p><h3 class=\"uagb-ifb-title\">Peritaje inform\u00e1tico forense<\/h3><\/div><p class=\"uagb-ifb-desc\">Si has sido victima de un ataque inform\u00e1tico o incidente de ciberseguridad, realizamos un peritaje inform\u00e1tico forense para investigar el origen del incidente o qu\u00e9 causo la brecha de seguridad, recopilar pruebas para presentar acciones legales y determinar el alcance del da\u00f1o evaluando qu\u00e9 sistemas y datos han sido comprometidos y c\u00f3mo mitigar el impacto.<\/p><\/div><\/div>\n<\/div>\n<\/div><\/div>\n","protected":false},"excerpt":{"rendered":"","protected":false},"author":2,"featured_media":0,"parent":0,"menu_order":0,"comment_status":"closed","ping_status":"closed","template":"","meta":{"_uag_custom_page_level_css":"","footnotes":""},"class_list":["post-403","page","type-page","status-publish","hentry"],"uagb_featured_image_src":{"full":false,"thumbnail":false,"medium":false,"medium_large":false,"large":false,"1536x1536":false,"2048x2048":false},"uagb_author_info":{"display_name":"NIMSISTEMAS","author_link":"https:\/\/www.nimsistemas.es\/?author=2"},"uagb_comment_info":0,"uagb_excerpt":null,"_links":{"self":[{"href":"https:\/\/www.nimsistemas.es\/index.php?rest_route=\/wp\/v2\/pages\/403","targetHints":{"allow":["GET"]}}],"collection":[{"href":"https:\/\/www.nimsistemas.es\/index.php?rest_route=\/wp\/v2\/pages"}],"about":[{"href":"https:\/\/www.nimsistemas.es\/index.php?rest_route=\/wp\/v2\/types\/page"}],"author":[{"embeddable":true,"href":"https:\/\/www.nimsistemas.es\/index.php?rest_route=\/wp\/v2\/users\/2"}],"replies":[{"embeddable":true,"href":"https:\/\/www.nimsistemas.es\/index.php?rest_route=%2Fwp%2Fv2%2Fcomments&post=403"}],"version-history":[{"count":5,"href":"https:\/\/www.nimsistemas.es\/index.php?rest_route=\/wp\/v2\/pages\/403\/revisions"}],"predecessor-version":[{"id":706,"href":"https:\/\/www.nimsistemas.es\/index.php?rest_route=\/wp\/v2\/pages\/403\/revisions\/706"}],"wp:attachment":[{"href":"https:\/\/www.nimsistemas.es\/index.php?rest_route=%2Fwp%2Fv2%2Fmedia&parent=403"}],"curies":[{"name":"wp","href":"https:\/\/api.w.org\/{rel}","templated":true}]}}