{"id":3,"date":"2023-11-18T12:03:34","date_gmt":"2023-11-18T12:03:34","guid":{"rendered":"https:\/\/www.nimsistemas.es\/?page_id=3"},"modified":"2025-05-16T05:25:37","modified_gmt":"2025-05-16T05:25:37","slug":"privacy-policy","status":"publish","type":"page","link":"https:\/\/www.nimsistemas.es\/?page_id=3","title":{"rendered":"politica de privacidad"},"content":{"rendered":"\n<h2 class=\"wp-block-heading has-regular-font-size\"><strong>INFORMACI\u00d3N GENERAL:<\/strong><\/h2>\n\n\n\n<p>El presente aviso legal da cumplimiento a las estipulaciones recogidas en la Ley 34\/2002, de Servicios de la Sociedad de la Informaci\u00f3n y de Comercio Electr\u00f3nico y la Ley 15\/1999, sobre Protecci\u00f3n de Datos de Car\u00e1cter Personal.<\/p>\n\n\n\n<p>La titularidad del sitio web\u00a0<a href=\"https:\/\/usual-tech.com\/\" target=\"_blank\" rel=\"noreferrer noopener\">https:\/\/nimsistemas.es<\/a>\u00a0corresponde a Antonio J. Largo Cepeda, con domicilio social en C\/ Mat\u00edas P\u00e9rez, 14 2\u00baB   C.P.: 45710 Madridejos (Toledo).<\/p>\n\n\n\n<p><strong>ACCESO Y CONTENIDOS:<\/strong><\/p>\n\n\n\n<p>El acceso al sitio Web se efect\u00faa de forma libre y gratuita, salvo el coste que deba soportar el usuario por la conexi\u00f3n a Internet suministrada por su proveedor.<\/p>\n\n\n\n<p>El uso del sitio web implica la aceptaci\u00f3n por parte del usuario de las condiciones estipuladas en el presente aviso legal. El usuario debe leer el aviso legal existente en este sitio web, en cada una de las visitas que realice al mismo, ya que sus condiciones de uso pueden sufrir variaciones.<\/p>\n\n\n\n<p>El usuario debe hacer un uso correcto del sitio web, as\u00ed mismo, se compromete a no utilizar cualquiera de los contenidos que en esta web se pongan a su disposici\u00f3n, tales como chats, conexiones de voz, e-mail o cualesquiera otros; debiendo utilizarlos conforme a las condiciones particulares del servicio, las buenas costumbres, el orden p\u00fablico y en ning\u00fan caso realizar actividades il\u00edcitas.<\/p>\n\n\n\n<p><strong>PROPIEDAD INTELECTUAL<\/strong><\/p>\n\n\n\n<p>Queda totalmente prohibido la utilizaci\u00f3n de todos los elementos objeto de propiedad industrial e intelectual con fines comerciales as\u00ed como su distribuci\u00f3n, modificaci\u00f3n o alteraci\u00f3n, sin la debida autorizaci\u00f3n de nimsistemas.<\/p>\n\n\n\n<p>Las referencias existentes en este sitio web sobre cualquier servicio, enlace, hipertexto, o cualquier otra informaci\u00f3n en la que se utilice la marca o nombre comercial y dem\u00e1s signos distintivos de terceros son propiedad de estos.<\/p>\n\n\n\n<p><strong>SERVICIO<\/strong><\/p>\n\n\n\n<p>Nimsistemas  podr\u00e1 bloquear el acceso a su sitio web o interrumpir el acceso a cualquiera de sus servicios o contenidos en cualquier momento y sin previo aviso por motivos de mantenimiento, t\u00e9cnicos, de seguridad, por fallos del proveedor o por cualquier otra causa. Por lo tanto, nimsistemas no garantiza la disponibilidad y continuidad del sitio Web, indic\u00e1ndolo en el presente Aviso Legal.<\/p>\n\n\n\n<p><strong>PROTECCI\u00d3N DE DATOS<\/strong><\/p>\n\n\n\n<p>En virtud de lo estipulado en la Ley Org\u00e1nica 15\/99, de 13 de diciembre, de protecci\u00f3n de datos de car\u00e1cter personal (LOPD), nimsistemas, informa de la existencia de ficheros automatizados de datos de car\u00e1cter personal, debidamente inscritos en el Registro de la Agencia Espa\u00f1ola de Protecci\u00f3n de Datos.<\/p>\n\n\n\n<p>El env\u00edo de datos de car\u00e1cter personal a trav\u00e9s del formulario habilitado al respecto o mediante la direcci\u00f3n de mail proporcionada, supone el consentimiento del titular a que sus datos sean tratados de forma automatizada y sean incorporados a sus ficheros, con la finalidad de poder gestionar su petici\u00f3n, as\u00ed como la posibilidad de enviarle informaci\u00f3n sobre servicios, productos o novedades, a trav\u00e9s de cualquier medio incluido el correo electr\u00f3nico. En el caso del env\u00edo por correo electr\u00f3nico el usuario presta su consentimiento expreso para el env\u00edo de publicidad por este medio.<\/p>\n\n\n\n<p>Se informa al usuario que debe rellenar el formulario de contacto con datos exactos, verdaderos y completos. El usuario ser\u00e1 el \u00fanico responsable de cualquier da\u00f1o o perjuicio, directo o indirecto, que pudiera ocasionar a nimsistemas o a cualquier tercero a causa de la cumplimentaci\u00f3n del formulario con datos falsos o inexactos.<\/p>\n\n\n\n<p>Si el usuario fuese menor de edad se requerir\u00e1 el consentimiento expreso de sus padres o tutores para proceder a incorporar y enviar sus datos a trav\u00e9s de cualquiera de los medios habilitados a tales efectos.<\/p>\n\n\n\n<p>Nimsistemas no ceder\u00e1 a terceros los datos del usuario sin su consentimiento expreso.<\/p>\n\n\n\n<p>Se informa de la posibilidad de ejercitar los derechos de acceso, cancelaci\u00f3n, rectificaci\u00f3n y oposici\u00f3n, dirigi\u00e9ndose a Nimsistemas     C\/ Mat\u00edas P\u00e9rez, 14 2\u00ba B  C.P. 45710 Madridejos o mediante mail a ajlargo@nimsistemas.es .<\/p>\n\n\n\n<p>Nimsistemas se compromete al cumplimiento de su obligaci\u00f3n de guardar secreto\u00a0 y confidencialidad, sobre los datos que operan en su poder y adoptar las medidas necesarias para evitar su alteraci\u00f3n, p\u00e9rdida o acceso no autorizado, en virtud de lo establecido en el Reglamento 994\/1999 sobre Medidas de Seguridad de los ficheros que contengan datos de car\u00e1cter personal.<\/p>\n\n\n\n<p><strong>RESPONSABILIDAD<\/strong><\/p>\n\n\n\n<p>Nimsistemas, a trav\u00e9s del siguiente Aviso Legal excluye cualquier responsabilidad por los da\u00f1os que puedan deberse a la presencia de virus u otros c\u00f3digos maliciosos, correspondiendo al usuario la disponibilidad de herramientas adecuadas para la detecci\u00f3n y desinfecci\u00f3n de programas o archivos da\u00f1inos.<\/p>\n\n\n\n<p><strong>LEGISLACI\u00d3N Y JURISDICCI\u00d3N<\/strong><\/p>\n\n\n\n<p>Las partes se someten, a su elecci\u00f3n, para la resoluci\u00f3n de los conflictos y con renuncia a cualquier otro fuero, a los juzgados y tribunales del domicilio del usuario.<\/p>\n","protected":false},"excerpt":{"rendered":"<p>INFORMACI\u00d3N GENERAL: El presente aviso legal da cumplimiento a las estipulaciones recogidas en la Ley 34\/2002, de Servicios de la Sociedad de la Informaci\u00f3n y de Comercio Electr\u00f3nico y la Ley 15\/1999, sobre Protecci\u00f3n de Datos de Car\u00e1cter Personal. La titularidad del sitio web\u00a0https:\/\/nimsistemas.es\u00a0corresponde a Antonio J. Largo Cepeda, con domicilio social en C\/ Mat\u00edas [&hellip;]<\/p>\n","protected":false},"author":2,"featured_media":0,"parent":0,"menu_order":0,"comment_status":"closed","ping_status":"closed","template":"","meta":{"_uag_custom_page_level_css":"","footnotes":""},"class_list":["post-3","page","type-page","status-publish","hentry"],"uagb_featured_image_src":{"full":false,"thumbnail":false,"medium":false,"medium_large":false,"large":false,"1536x1536":false,"2048x2048":false},"uagb_author_info":{"display_name":"NIMSISTEMAS","author_link":"https:\/\/www.nimsistemas.es\/?author=2"},"uagb_comment_info":0,"uagb_excerpt":"INFORMACI\u00d3N GENERAL: El presente aviso legal da cumplimiento a las estipulaciones recogidas en la Ley 34\/2002, de Servicios de la Sociedad de la Informaci\u00f3n y de Comercio Electr\u00f3nico y la Ley 15\/1999, sobre Protecci\u00f3n de Datos de Car\u00e1cter Personal. La titularidad del sitio web\u00a0https:\/\/nimsistemas.es\u00a0corresponde a Antonio J. Largo Cepeda, con domicilio social en C\/ Mat\u00edas&hellip;","_links":{"self":[{"href":"https:\/\/www.nimsistemas.es\/index.php?rest_route=\/wp\/v2\/pages\/3","targetHints":{"allow":["GET"]}}],"collection":[{"href":"https:\/\/www.nimsistemas.es\/index.php?rest_route=\/wp\/v2\/pages"}],"about":[{"href":"https:\/\/www.nimsistemas.es\/index.php?rest_route=\/wp\/v2\/types\/page"}],"author":[{"embeddable":true,"href":"https:\/\/www.nimsistemas.es\/index.php?rest_route=\/wp\/v2\/users\/2"}],"replies":[{"embeddable":true,"href":"https:\/\/www.nimsistemas.es\/index.php?rest_route=%2Fwp%2Fv2%2Fcomments&post=3"}],"version-history":[{"count":1,"href":"https:\/\/www.nimsistemas.es\/index.php?rest_route=\/wp\/v2\/pages\/3\/revisions"}],"predecessor-version":[{"id":1097,"href":"https:\/\/www.nimsistemas.es\/index.php?rest_route=\/wp\/v2\/pages\/3\/revisions\/1097"}],"wp:attachment":[{"href":"https:\/\/www.nimsistemas.es\/index.php?rest_route=%2Fwp%2Fv2%2Fmedia&parent=3"}],"curies":[{"name":"wp","href":"https:\/\/api.w.org\/{rel}","templated":true}]}}