{"id":196,"date":"2024-09-18T10:59:49","date_gmt":"2024-09-18T10:59:49","guid":{"rendered":"https:\/\/www.nimsistemas.es\/?page_id=196"},"modified":"2025-05-15T07:51:33","modified_gmt":"2025-05-15T07:51:33","slug":"recuperacion-de-datos","status":"publish","type":"page","link":"https:\/\/www.nimsistemas.es\/?page_id=196","title":{"rendered":"Recuperaci\u00f3n de datos"},"content":{"rendered":"\n<div class=\"wp-block-uagb-container uagb-block-255c3547 alignfull uagb-is-root-container\"><div class=\"uagb-container-inner-blocks-wrap\">\n<div class=\"wp-block-uagb-container uagb-block-8d1049ae\">\n<p>Si has perdido informaci\u00f3n de alg\u00fan dispositivo, nosotros podemos recuperarla.<\/p>\n\n\n\n<p>El peligro de la p\u00e9rdida de datos es un riesgo real e implica consecuencias y da\u00f1os innumerables tanto para empresas c\u00f3mo para particulares. \u00c9sta puede ser causada por un fallo hardware o tener un origen software. En cualquiera de los caso, podemos ayudarte a recuperar los datos. Ofrecemos un servicio de diagn\u00f3stico que le proporcionar\u00e1 en un plazo de 48-72 horas un informe de sus medios y lista de ficheros recuperables.<\/p>\n<\/div>\n<\/div><\/div>\n\n\n\n<div class=\"wp-block-uagb-container uagb-block-b2eab3f0 default uagb-is-root-container\">\n<div class=\"wp-block-columns is-layout-flex wp-block-columns-is-layout-flex\">\n<div class=\"wp-block-column is-layout-flow wp-block-column-is-layout-flow\">\n<div class=\"wp-block-uagb-icon-list uagb-block-d11319ec\"><div class=\"uagb-icon-list__wrap\">\n<div class=\"wp-block-uagb-icon-list-child uagb-block-f2045b69\"><span class=\"uagb-icon-list__source-wrap\"><svg xmlns=\"https:\/\/www.w3.org\/2000\/svg\" viewBox=\"0 0 576 512\"><path d=\"M576 384C576 419.3 547.3 448 512 448H205.3C188.3 448 172 441.3 160 429.3L9.372 278.6C3.371 272.6 0 264.5 0 256C0 247.5 3.372 239.4 9.372 233.4L160 82.75C172 70.74 188.3 64 205.3 64H512C547.3 64 576 92.65 576 128V384zM271 208.1L318.1 256L271 303C261.7 312.4 261.7 327.6 271 336.1C280.4 346.3 295.6 346.3 304.1 336.1L352 289.9L399 336.1C408.4 346.3 423.6 346.3 432.1 336.1C442.3 327.6 442.3 312.4 432.1 303L385.9 256L432.1 208.1C442.3 199.6 442.3 184.4 432.1 175C423.6 165.7 408.4 165.7 399 175L352 222.1L304.1 175C295.6 165.7 280.4 165.7 271 175C261.7 184.4 261.7 199.6 271 208.1V208.1z\"><\/path><\/svg><\/span><span class=\"uagb-icon-list__label\">archivos borrados<\/span><\/div>\n\n\n\n<div class=\"wp-block-uagb-icon-list-child uagb-block-fb2b7965\"><span class=\"uagb-icon-list__source-wrap\"><svg xmlns=\"https:\/\/www.w3.org\/2000\/svg\" viewBox=\"0 0 576 512\"><path d=\"M0 64C0 28.65 28.65 0 64 0H224V128C224 145.7 238.3 160 256 160H384V198.6C310.1 219.5 256 287.4 256 368C256 427.1 285.1 479.3 329.7 511.3C326.6 511.7 323.3 512 320 512H64C28.65 512 0 483.3 0 448V64zM256 128V0L384 128H256zM288 368C288 288.5 352.5 224 432 224C511.5 224 576 288.5 576 368C576 447.5 511.5 512 432 512C352.5 512 288 447.5 288 368zM491.3 331.3C497.6 325.1 497.6 314.9 491.3 308.7C485.1 302.4 474.9 302.4 468.7 308.7L432 345.4L395.3 308.7C389.1 302.4 378.9 302.4 372.7 308.7C366.4 314.9 366.4 325.1 372.7 331.3L409.4 368L372.7 404.7C366.4 410.9 366.4 421.1 372.7 427.3C378.9 433.6 389.1 433.6 395.3 427.3L432 390.6L468.7 427.3C474.9 433.6 485.1 433.6 491.3 427.3C497.6 421.1 497.6 410.9 491.3 404.7L454.6 368L491.3 331.3z\"><\/path><\/svg><\/span><span class=\"uagb-icon-list__label\">archivos da\u00f1ados<\/span><\/div>\n\n\n\n<div class=\"wp-block-uagb-icon-list-child uagb-block-505e60b8\"><span class=\"uagb-icon-list__source-wrap\"><svg xmlns=\"https:\/\/www.w3.org\/2000\/svg\" viewBox=\"0 0 512 512\"><path d=\"M288 43.55C288 93.44 348.3 118.4 383.6 83.15L391.8 74.98C404.3 62.48 424.5 62.48 437 74.98C449.5 87.48 449.5 107.7 437 120.2L428.9 128.4C393.6 163.7 418.6 224 468.5 224H480C497.7 224 512 238.3 512 256C512 273.7 497.7 288 480 288H468.5C418.6 288 393.6 348.3 428.9 383.6L437 391.8C449.5 404.3 449.5 424.5 437 437C424.5 449.5 404.3 449.5 391.8 437L383.6 428.9C348.3 393.6 288 418.6 288 468.5V480C288 497.7 273.7 512 256 512C238.3 512 224 497.7 224 480V468.5C224 418.6 163.7 393.6 128.4 428.9L120.2 437C107.7 449.5 87.48 449.5 74.98 437C62.48 424.5 62.48 404.3 74.98 391.8L83.15 383.6C118.4 348.3 93.44 288 43.55 288H32C14.33 288 0 273.7 0 256C0 238.3 14.33 224 32 224H43.55C93.44 224 118.4 163.7 83.15 128.4L74.98 120.2C62.48 107.7 62.48 87.48 74.98 74.98C87.48 62.48 107.7 62.48 120.2 74.98L128.4 83.15C163.7 118.4 224 93.44 224 43.55V32C224 14.33 238.3 0 256 0C273.7 0 288 14.33 288 32V43.55zM224 176C197.5 176 176 197.5 176 224C176 250.5 197.5 272 224 272C250.5 272 272 250.5 272 224C272 197.5 250.5 176 224 176zM304 328C317.3 328 328 317.3 328 304C328 290.7 317.3 280 304 280C290.7 280 280 290.7 280 304C280 317.3 290.7 328 304 328z\"><\/path><\/svg><\/span><span class=\"uagb-icon-list__label\">archivos encriptados <\/span><\/div>\n<\/div><\/div>\n<\/div>\n\n\n\n<div class=\"wp-block-column is-layout-flow wp-block-column-is-layout-flow\">\n<div class=\"wp-block-uagb-icon-list uagb-block-b8abe65b\"><div class=\"uagb-icon-list__wrap\">\n<div class=\"wp-block-uagb-icon-list-child uagb-block-097eeb4d\"><span class=\"uagb-icon-list__source-wrap\"><svg xmlns=\"https:\/\/www.w3.org\/2000\/svg\" viewBox=\"0 0 512 512\"><path d=\"M464 288h-416C21.5 288 0 309.5 0 336v96C0 458.5 21.5 480 48 480h416c26.5 0 48-21.5 48-48v-96C512 309.5 490.5 288 464 288zM320 416c-17.62 0-32-14.38-32-32s14.38-32 32-32s32 14.38 32 32S337.6 416 320 416zM416 416c-17.62 0-32-14.38-32-32s14.38-32 32-32s32 14.38 32 32S433.6 416 416 416zM464 32h-416C21.5 32 0 53.5 0 80v192.4C13.41 262.3 29.92 256 48 256h416c18.08 0 34.59 6.254 48 16.41V80C512 53.5 490.5 32 464 32z\"><\/path><\/svg><\/span><span class=\"uagb-icon-list__label\"> Discos HD y SSD<\/span><\/div>\n\n\n\n<div class=\"wp-block-uagb-icon-list-child uagb-block-434852c4\"><span class=\"uagb-icon-list__source-wrap\"><svg xmlns=\"https:\/\/www.w3.org\/2000\/svg\" viewBox=\"0 0 384 512\"><path d=\"M320 0H128L0 128v320c0 35.25 28.75 64 64 64h256c35.25 0 64-28.75 64-64V64C384 28.75 355.3 0 320 0zM160 160H112V64H160V160zM240 160H192V64h48V160zM320 160h-48V64H320V160z\"><\/path><\/svg><\/span><span class=\"uagb-icon-list__label\">Pendrives y tarjetas de memoria<\/span><\/div>\n\n\n\n<div class=\"wp-block-uagb-icon-list-child uagb-block-32d4c30c\"><span class=\"uagb-icon-list__source-wrap\"><svg xmlns=\"https:\/\/www.w3.org\/2000\/svg\" viewBox=\"0 0 576 512\"><path d=\"M420.5 301.9a24 24 0 1 1 24-24 24 24 0 0 1 -24 24m-265.1 0a24 24 0 1 1 24-24 24 24 0 0 1 -24 24m273.7-144.5 47.94-83a10 10 0 1 0 -17.27-10h0l-48.54 84.07a301.3 301.3 0 0 0 -246.6 0L116.2 64.45a10 10 0 1 0 -17.27 10h0l47.94 83C64.53 202.2 8.24 285.5 0 384H576c-8.24-98.45-64.54-181.8-146.9-226.6\"><\/path><\/svg><\/span><span class=\"uagb-icon-list__label\">M\u00f3viles<\/span><\/div>\n<\/div><\/div>\n<\/div>\n\n\n\n<div class=\"wp-block-column is-layout-flow wp-block-column-is-layout-flow\">\n<div class=\"wp-block-uagb-icon-list uagb-block-646f7fbb\"><div class=\"uagb-icon-list__wrap\">\n<div class=\"wp-block-uagb-icon-list-child uagb-block-b0acedb1\"><span class=\"uagb-icon-list__source-wrap\"><svg xmlns=\"https:\/\/www.w3.org\/2000\/svg\" viewBox=\"0 0 448 512\"><path d=\"M0 93.7l183.6-25.3v177.4H0V93.7zm0 324.6l183.6 25.3V268.4H0v149.9zm203.8 28L448 480V268.4H203.8v177.9zm0-380.6v180.1H448V32L203.8 65.7z\"><\/path><\/svg><\/span><span class=\"uagb-icon-list__label\">Windows<\/span><\/div>\n\n\n\n<div class=\"wp-block-uagb-icon-list-child uagb-block-eb446238\"><span class=\"uagb-icon-list__source-wrap\"><svg xmlns=\"https:\/\/www.w3.org\/2000\/svg\" viewBox=\"0 0 448 512\"><path d=\"M220.8 123.3c1 .5 1.8 1.7 3 1.7 1.1 0 2.8-.4 2.9-1.5 .2-1.4-1.9-2.3-3.2-2.9-1.7-.7-3.9-1-5.5-.1-.4 .2-.8 .7-.6 1.1 .3 1.3 2.3 1.1 3.4 1.7zm-21.9 1.7c1.2 0 2-1.2 3-1.7 1.1-.6 3.1-.4 3.5-1.6 .2-.4-.2-.9-.6-1.1-1.6-.9-3.8-.6-5.5 .1-1.3 .6-3.4 1.5-3.2 2.9 .1 1 1.8 1.5 2.8 1.4zM420 403.8c-3.6-4-5.3-11.6-7.2-19.7-1.8-8.1-3.9-16.8-10.5-22.4-1.3-1.1-2.6-2.1-4-2.9-1.3-.8-2.7-1.5-4.1-2 9.2-27.3 5.6-54.5-3.7-79.1-11.4-30.1-31.3-56.4-46.5-74.4-17.1-21.5-33.7-41.9-33.4-72C311.1 85.4 315.7 .1 234.8 0 132.4-.2 158 103.4 156.9 135.2c-1.7 23.4-6.4 41.8-22.5 64.7-18.9 22.5-45.5 58.8-58.1 96.7-6 17.9-8.8 36.1-6.2 53.3-6.5 5.8-11.4 14.7-16.6 20.2-4.2 4.3-10.3 5.9-17 8.3s-14 6-18.5 14.5c-2.1 3.9-2.8 8.1-2.8 12.4 0 3.9 .6 7.9 1.2 11.8 1.2 8.1 2.5 15.7 .8 20.8-5.2 14.4-5.9 24.4-2.2 31.7 3.8 7.3 11.4 10.5 20.1 12.3 17.3 3.6 40.8 2.7 59.3 12.5 19.8 10.4 39.9 14.1 55.9 10.4 11.6-2.6 21.1-9.6 25.9-20.2 12.5-.1 26.3-5.4 48.3-6.6 14.9-1.2 33.6 5.3 55.1 4.1 .6 2.3 1.4 4.6 2.5 6.7v.1c8.3 16.7 23.8 24.3 40.3 23 16.6-1.3 34.1-11 48.3-27.9 13.6-16.4 36-23.2 50.9-32.2 7.4-4.5 13.4-10.1 13.9-18.3 .4-8.2-4.4-17.3-15.5-29.7zM223.7 87.3c9.8-22.2 34.2-21.8 44-.4 6.5 14.2 3.6 30.9-4.3 40.4-1.6-.8-5.9-2.6-12.6-4.9 1.1-1.2 3.1-2.7 3.9-4.6 4.8-11.8-.2-27-9.1-27.3-7.3-.5-13.9 10.8-11.8 23-4.1-2-9.4-3.5-13-4.4-1-6.9-.3-14.6 2.9-21.8zM183 75.8c10.1 0 20.8 14.2 19.1 33.5-3.5 1-7.1 2.5-10.2 4.6 1.2-8.9-3.3-20.1-9.6-19.6-8.4 .7-9.8 21.2-1.8 28.1 1 .8 1.9-.2-5.9 5.5-15.6-14.6-10.5-52.1 8.4-52.1zm-13.6 60.7c6.2-4.6 13.6-10 14.1-10.5 4.7-4.4 13.5-14.2 27.9-14.2 7.1 0 15.6 2.3 25.9 8.9 6.3 4.1 11.3 4.4 22.6 9.3 8.4 3.5 13.7 9.7 10.5 18.2-2.6 7.1-11 14.4-22.7 18.1-11.1 3.6-19.8 16-38.2 14.9-3.9-.2-7-1-9.6-2.1-8-3.5-12.2-10.4-20-15-8.6-4.8-13.2-10.4-14.7-15.3-1.4-4.9 0-9 4.2-12.3zm3.3 334c-2.7 35.1-43.9 34.4-75.3 18-29.9-15.8-68.6-6.5-76.5-21.9-2.4-4.7-2.4-12.7 2.6-26.4v-.2c2.4-7.6 .6-16-.6-23.9-1.2-7.8-1.8-15 .9-20 3.5-6.7 8.5-9.1 14.8-11.3 10.3-3.7 11.8-3.4 19.6-9.9 5.5-5.7 9.5-12.9 14.3-18 5.1-5.5 10-8.1 17.7-6.9 8.1 1.2 15.1 6.8 21.9 16l19.6 35.6c9.5 19.9 43.1 48.4 41 68.9zm-1.4-25.9c-4.1-6.6-9.6-13.6-14.4-19.6 7.1 0 14.2-2.2 16.7-8.9 2.3-6.2 0-14.9-7.4-24.9-13.5-18.2-38.3-32.5-38.3-32.5-13.5-8.4-21.1-18.7-24.6-29.9s-3-23.3-.3-35.2c5.2-22.9 18.6-45.2 27.2-59.2 2.3-1.7 .8 3.2-8.7 20.8-8.5 16.1-24.4 53.3-2.6 82.4 .6-20.7 5.5-41.8 13.8-61.5 12-27.4 37.3-74.9 39.3-112.7 1.1 .8 4.6 3.2 6.2 4.1 4.6 2.7 8.1 6.7 12.6 10.3 12.4 10 28.5 9.2 42.4 1.2 6.2-3.5 11.2-7.5 15.9-9 9.9-3.1 17.8-8.6 22.3-15 7.7 30.4 25.7 74.3 37.2 95.7 6.1 11.4 18.3 35.5 23.6 64.6 3.3-.1 7 .4 10.9 1.4 13.8-35.7-11.7-74.2-23.3-84.9-4.7-4.6-4.9-6.6-2.6-6.5 12.6 11.2 29.2 33.7 35.2 59 2.8 11.6 3.3 23.7 .4 35.7 16.4 6.8 35.9 17.9 30.7 34.8-2.2-.1-3.2 0-4.2 0 3.2-10.1-3.9-17.6-22.8-26.1-19.6-8.6-36-8.6-38.3 12.5-12.1 4.2-18.3 14.7-21.4 27.3-2.8 11.2-3.6 24.7-4.4 39.9-.5 7.7-3.6 18-6.8 29-32.1 22.9-76.7 32.9-114.3 7.2zm257.4-11.5c-.9 16.8-41.2 19.9-63.2 46.5-13.2 15.7-29.4 24.4-43.6 25.5s-26.5-4.8-33.7-19.3c-4.7-11.1-2.4-23.1 1.1-36.3 3.7-14.2 9.2-28.8 9.9-40.6 .8-15.2 1.7-28.5 4.2-38.7 2.6-10.3 6.6-17.2 13.7-21.1 .3-.2 .7-.3 1-.5 .8 13.2 7.3 26.6 18.8 29.5 12.6 3.3 30.7-7.5 38.4-16.3 9-.3 15.7-.9 22.6 5.1 9.9 8.5 7.1 30.3 17.1 41.6 10.6 11.6 14 19.5 13.7 24.6zM173.3 148.7c2 1.9 4.7 4.5 8 7.1 6.6 5.2 15.8 10.6 27.3 10.6 11.6 0 22.5-5.9 31.8-10.8 4.9-2.6 10.9-7 14.8-10.4s5.9-6.3 3.1-6.6-2.6 2.6-6 5.1c-4.4 3.2-9.7 7.4-13.9 9.8-7.4 4.2-19.5 10.2-29.9 10.2s-18.7-4.8-24.9-9.7c-3.1-2.5-5.7-5-7.7-6.9-1.5-1.4-1.9-4.6-4.3-4.9-1.4-.1-1.8 3.7 1.7 6.5z\"><\/path><\/svg><\/span><span class=\"uagb-icon-list__label\">Linux<\/span><\/div>\n\n\n\n<div class=\"wp-block-uagb-icon-list-child uagb-block-4962cb1d\"><span class=\"uagb-icon-list__source-wrap\"><svg xmlns=\"https:\/\/www.w3.org\/2000\/svg\" viewBox=\"0 0 384 512\"><path d=\"M318.7 268.7c-.2-36.7 16.4-64.4 50-84.8-18.8-26.9-47.2-41.7-84.7-44.6-35.5-2.8-74.3 20.7-88.5 20.7-15 0-49.4-19.7-76.4-19.7C63.3 141.2 4 184.8 4 273.5q0 39.3 14.4 81.2c12.8 36.7 59 126.7 107.2 125.2 25.2-.6 43-17.9 75.8-17.9 31.8 0 48.3 17.9 76.4 17.9 48.6-.7 90.4-82.5 102.6-119.3-65.2-30.7-61.7-90-61.7-91.9zm-56.6-164.2c27.3-32.4 24.8-61.9 24-72.5-24.1 1.4-52 16.4-67.9 34.9-17.5 19.8-27.8 44.3-25.6 71.9 26.1 2 49.9-11.4 69.5-34.3z\"><\/path><\/svg><\/span><span class=\"uagb-icon-list__label\">Mac<\/span><\/div>\n<\/div><\/div>\n<\/div>\n<\/div>\n<\/div>\n\n\n\n<div class=\"wp-block-uagb-container uagb-block-9uxykpg7 alignwide uagb-is-root-container\">\n<div class=\"wp-block-uagb-container uagb-block-ja5evo9o\">\n<div class=\"wp-block-uagb-image alignleft uagb-block-kge2idsm wp-block-uagb-image--layout-default wp-block-uagb-image--effect-static wp-block-uagb-image--align-left\"><figure class=\"wp-block-uagb-image__figure\"><img loading=\"lazy\" decoding=\"async\" srcset=\"https:\/\/www.nimsistemas.es\/wp-content\/uploads\/2024\/12\/Feature-data-recovery-cost-1024x683.jpg ,https:\/\/www.nimsistemas.es\/wp-content\/uploads\/2024\/12\/Feature-data-recovery-cost.jpg 780w, https:\/\/www.nimsistemas.es\/wp-content\/uploads\/2024\/12\/Feature-data-recovery-cost.jpg 360w\" sizes=\"auto, (max-width: 480px) 150px\" src=\"https:\/\/www.nimsistemas.es\/wp-content\/uploads\/2024\/12\/Feature-data-recovery-cost-1024x683.jpg\" alt=\"\" class=\"uag-image-298\" width=\"230\" height=\"360\" title=\"Feature-data-recovery-cost\" loading=\"lazy\" role=\"img\"\/><\/figure><\/div>\n\n\n\n<div class=\"wp-block-uagb-image alignleft uagb-block-r3vz9hy7 wp-block-uagb-image--layout-default wp-block-uagb-image--effect-static wp-block-uagb-image--align-left\"><figure class=\"wp-block-uagb-image__figure\"><img loading=\"lazy\" decoding=\"async\" srcset=\"https:\/\/www.nimsistemas.es\/wp-content\/uploads\/2025\/02\/software-recuperacion-datos.jpg ,https:\/\/www.nimsistemas.es\/wp-content\/uploads\/2025\/02\/software-recuperacion-datos.jpg 780w, https:\/\/www.nimsistemas.es\/wp-content\/uploads\/2025\/02\/software-recuperacion-datos.jpg 360w\" sizes=\"auto, (max-width: 480px) 150px\" src=\"https:\/\/www.nimsistemas.es\/wp-content\/uploads\/2025\/02\/software-recuperacion-datos.jpg\" alt=\"\" class=\"uag-image-522\" width=\"230\" height=\"360\" title=\"software recuperacion datos\" loading=\"lazy\" role=\"img\"\/><\/figure><\/div>\n<\/div>\n\n\n\n<div class=\"wp-block-uagb-container uagb-block-b51flmdg\">\n<div class=\"wp-block-uagb-info-box uagb-block-xpdpgauj uagb-infobox__content-wrap  uagb-infobox-icon-above-title uagb-infobox-image-valign-top\"><div class=\"uagb-ifb-content\"><div class=\"uagb-ifb-title-wrap\"><p class=\"uagb-ifb-title-prefix\">laboratorio de recuperaci\u00f3n<\/p><h3 class=\"uagb-ifb-title\">Recuperamos cualquier perdida de datos<\/h3><\/div><p class=\"uagb-ifb-desc\">Siempre que su dispositivo no est\u00e9 da\u00f1ado o roto fisicamente al 100% (rotura de platos, integrados, chips&#8230;) podemos recuperarlo en nuestro laboratorio y con un diagn\u00f3stico previo gratuito.<\/p><\/div><\/div>\n\n\n\n<div class=\"wp-block-uagb-icon-list uagb-block-m7pzzpae\"><div class=\"uagb-icon-list__wrap\">\n<div class=\"wp-block-uagb-icon-list-child uagb-block-haaeb82t\"><span class=\"uagb-icon-list__source-wrap\"><svg xmlns=\"https:\/\/www.w3.org\/2000\/svg\" viewBox=\"0 0 448 512\"><path d=\"M438.6 105.4C451.1 117.9 451.1 138.1 438.6 150.6L182.6 406.6C170.1 419.1 149.9 419.1 137.4 406.6L9.372 278.6C-3.124 266.1-3.124 245.9 9.372 233.4C21.87 220.9 42.13 220.9 54.63 233.4L159.1 338.7L393.4 105.4C405.9 92.88 426.1 92.88 438.6 105.4H438.6z\"><\/path><\/svg><\/span><span class=\"uagb-icon-list__label\">da\u00f1os f\u00edsicos del propio equipo<\/span><\/div>\n\n\n\n<div class=\"wp-block-uagb-icon-list-child uagb-block-kuigilfm\"><span class=\"uagb-icon-list__source-wrap\"><svg xmlns=\"https:\/\/www.w3.org\/2000\/svg\" viewBox=\"0 0 448 512\"><path d=\"M438.6 105.4C451.1 117.9 451.1 138.1 438.6 150.6L182.6 406.6C170.1 419.1 149.9 419.1 137.4 406.6L9.372 278.6C-3.124 266.1-3.124 245.9 9.372 233.4C21.87 220.9 42.13 220.9 54.63 233.4L159.1 338.7L393.4 105.4C405.9 92.88 426.1 92.88 438.6 105.4H438.6z\"><\/path><\/svg><\/span><span class=\"uagb-icon-list__label\">Errores humanos , borrado accidental y formateos<\/span><\/div>\n\n\n\n<div class=\"wp-block-uagb-icon-list-child uagb-block-ug9jtuiq\"><span class=\"uagb-icon-list__source-wrap\"><svg xmlns=\"https:\/\/www.w3.org\/2000\/svg\" viewBox=\"0 0 448 512\"><path d=\"M438.6 105.4C451.1 117.9 451.1 138.1 438.6 150.6L182.6 406.6C170.1 419.1 149.9 419.1 137.4 406.6L9.372 278.6C-3.124 266.1-3.124 245.9 9.372 233.4C21.87 220.9 42.13 220.9 54.63 233.4L159.1 338.7L393.4 105.4C405.9 92.88 426.1 92.88 438.6 105.4H438.6z\"><\/path><\/svg><\/span><span class=\"uagb-icon-list__label\">Actos malintencionados o sabotajes<\/span><\/div>\n\n\n\n<div class=\"wp-block-uagb-icon-list-child uagb-block-loeugxcn\"><span class=\"uagb-icon-list__source-wrap\"><svg xmlns=\"https:\/\/www.w3.org\/2000\/svg\" viewBox=\"0 0 448 512\"><path d=\"M438.6 105.4C451.1 117.9 451.1 138.1 438.6 150.6L182.6 406.6C170.1 419.1 149.9 419.1 137.4 406.6L9.372 278.6C-3.124 266.1-3.124 245.9 9.372 233.4C21.87 220.9 42.13 220.9 54.63 233.4L159.1 338.7L393.4 105.4C405.9 92.88 426.1 92.88 438.6 105.4H438.6z\"><\/path><\/svg><\/span><span class=\"uagb-icon-list__label\">ataques de virus y troyanos<\/span><\/div>\n\n\n\n<div class=\"wp-block-uagb-icon-list-child uagb-block-b9e2f813\"><span class=\"uagb-icon-list__source-wrap\"><svg xmlns=\"https:\/\/www.w3.org\/2000\/svg\" viewBox=\"0 0 448 512\"><path d=\"M438.6 105.4C451.1 117.9 451.1 138.1 438.6 150.6L182.6 406.6C170.1 419.1 149.9 419.1 137.4 406.6L9.372 278.6C-3.124 266.1-3.124 245.9 9.372 233.4C21.87 220.9 42.13 220.9 54.63 233.4L159.1 338.7L393.4 105.4C405.9 92.88 426.1 92.88 438.6 105.4H438.6z\"><\/path><\/svg><\/span><span class=\"uagb-icon-list__label\">da\u00f1os naturales debido a tormentas, inundaciones, incendios&#8230;<\/span><\/div>\n\n\n\n<div class=\"wp-block-uagb-icon-list-child uagb-block-86267210\"><span class=\"uagb-icon-list__source-wrap\"><svg xmlns=\"https:\/\/www.w3.org\/2000\/svg\" viewBox=\"0 0 448 512\"><path d=\"M438.6 105.4C451.1 117.9 451.1 138.1 438.6 150.6L182.6 406.6C170.1 419.1 149.9 419.1 137.4 406.6L9.372 278.6C-3.124 266.1-3.124 245.9 9.372 233.4C21.87 220.9 42.13 220.9 54.63 233.4L159.1 338.7L393.4 105.4C405.9 92.88 426.1 92.88 438.6 105.4H438.6z\"><\/path><\/svg><\/span><span class=\"uagb-icon-list__label\">eliminaci\u00f3n y corrupci\u00f3n de datos<\/span><\/div>\n<\/div><\/div>\n<\/div>\n<\/div>\n\n\n\n<p><\/p>\n","protected":false},"excerpt":{"rendered":"<p>Si has perdido informaci\u00f3n de alg\u00fan dispositivo, nosotros podemos recuperarla. El peligro de la p\u00e9rdida de datos es un riesgo real e implica consecuencias y da\u00f1os innumerables tanto para empresas c\u00f3mo para particulares. \u00c9sta puede ser causada por un fallo hardware o tener un origen software. En cualquiera de los caso, podemos ayudarte a recuperar [&hellip;]<\/p>\n","protected":false},"author":2,"featured_media":0,"parent":0,"menu_order":0,"comment_status":"closed","ping_status":"closed","template":"","meta":{"_uag_custom_page_level_css":"","footnotes":""},"class_list":["post-196","page","type-page","status-publish","hentry"],"uagb_featured_image_src":{"full":false,"thumbnail":false,"medium":false,"medium_large":false,"large":false,"1536x1536":false,"2048x2048":false},"uagb_author_info":{"display_name":"NIMSISTEMAS","author_link":"https:\/\/www.nimsistemas.es\/?author=2"},"uagb_comment_info":0,"uagb_excerpt":"Si has perdido informaci\u00f3n de alg\u00fan dispositivo, nosotros podemos recuperarla. El peligro de la p\u00e9rdida de datos es un riesgo real e implica consecuencias y da\u00f1os innumerables tanto para empresas c\u00f3mo para particulares. \u00c9sta puede ser causada por un fallo hardware o tener un origen software. En cualquiera de los caso, podemos ayudarte a recuperar&hellip;","_links":{"self":[{"href":"https:\/\/www.nimsistemas.es\/index.php?rest_route=\/wp\/v2\/pages\/196","targetHints":{"allow":["GET"]}}],"collection":[{"href":"https:\/\/www.nimsistemas.es\/index.php?rest_route=\/wp\/v2\/pages"}],"about":[{"href":"https:\/\/www.nimsistemas.es\/index.php?rest_route=\/wp\/v2\/types\/page"}],"author":[{"embeddable":true,"href":"https:\/\/www.nimsistemas.es\/index.php?rest_route=\/wp\/v2\/users\/2"}],"replies":[{"embeddable":true,"href":"https:\/\/www.nimsistemas.es\/index.php?rest_route=%2Fwp%2Fv2%2Fcomments&post=196"}],"version-history":[{"count":10,"href":"https:\/\/www.nimsistemas.es\/index.php?rest_route=\/wp\/v2\/pages\/196\/revisions"}],"predecessor-version":[{"id":1121,"href":"https:\/\/www.nimsistemas.es\/index.php?rest_route=\/wp\/v2\/pages\/196\/revisions\/1121"}],"wp:attachment":[{"href":"https:\/\/www.nimsistemas.es\/index.php?rest_route=%2Fwp%2Fv2%2Fmedia&parent=196"}],"curies":[{"name":"wp","href":"https:\/\/api.w.org\/{rel}","templated":true}]}}