{"id":192,"date":"2024-09-18T06:51:10","date_gmt":"2024-09-18T06:51:10","guid":{"rendered":"https:\/\/www.nimsistemas.es\/?page_id=192"},"modified":"2024-12-29T16:32:11","modified_gmt":"2024-12-29T16:32:11","slug":"laboratorio-informatico","status":"publish","type":"page","link":"https:\/\/www.nimsistemas.es\/?page_id=192","title":{"rendered":"SERVICIOS 365"},"content":{"rendered":"\n<p><\/p>\n\n\n\n<div class=\"wp-block-uagb-info-box uagb-block-rr2ry7pn uagb-infobox__content-wrap  uagb-infobox-icon-above-title uagb-infobox-image-valign-top\"><div class=\"uagb-ifb-content\"><div class=\"uagb-ifb-title-wrap\"><p class=\"uagb-ifb-title-prefix\">cubriendo el ciclo completo de los procesos informaticos<\/p><h2 class=\"uagb-ifb-title\">SERVICIOS 365<\/h2><\/div><\/div><\/div>\n\n\n\n<div class=\"wp-block-uagb-container uagb-layout-flex uagb-block-krinlguz alignfull uagb-is-root-container\"><div class=\"uagb-container-inner-blocks-wrap\">\n<div class=\"wp-block-uagb-info-box uagb-block-8f65c1db uagb-infobox__content-wrap  uagb-infobox-icon-above-title uagb-infobox-image-valign-top\"><div class=\"uagb-ifb-content\"><div class=\"uagb-ifb-title-wrap\"><p class=\"uagb-ifb-title-prefix\">pROVEEMOS DE CUALQUIER ELEMENTO QUE INTERVENGA EN LOS SISTEMAS DE INFORMACI\u00d3N, DESDE EL HARDWARE Y SOFTWARE HASTA LOS SERVICIOS DE INSTALACION , SOPORTE Y MANTENIMIENTO<\/p><\/div><\/div><\/div>\n<\/div><\/div>\n\n\n\n<div class=\"wp-block-uagb-container uagb-block-zkoa7jew alignfull uagb-is-root-container\"><div class=\"uagb-container-inner-blocks-wrap\">\n<div class=\"wp-block-uagb-container uagb-block-97yu3idc\">\n<div class=\"wp-block-uagb-image alignleft uagb-block-wn0fbjsp wp-block-uagb-image--layout-default wp-block-uagb-image--effect-static wp-block-uagb-image--align-left\"><figure class=\"wp-block-uagb-image__figure\"><img loading=\"lazy\" decoding=\"async\" srcset=\"https:\/\/www.nimsistemas.es\/wp-content\/uploads\/2024\/12\/0_kIJRMLiBAVJOIKqZ.jpg ,https:\/\/www.nimsistemas.es\/wp-content\/uploads\/2024\/12\/0_kIJRMLiBAVJOIKqZ.jpg 780w, https:\/\/www.nimsistemas.es\/wp-content\/uploads\/2024\/12\/0_kIJRMLiBAVJOIKqZ.jpg 360w\" sizes=\"auto, (max-width: 480px) 150px\" src=\"https:\/\/www.nimsistemas.es\/wp-content\/uploads\/2024\/12\/0_kIJRMLiBAVJOIKqZ.jpg\" alt=\"\" class=\"uag-image-287\" width=\"564\" height=\"400\" title=\"0_kIJRMLiBAVJOIKqZ\" loading=\"lazy\" role=\"img\"\/><\/figure><\/div>\n\n\n\n<div class=\"wp-block-uagb-info-box uagb-block-gktqm8c9 uagb-infobox__content-wrap  uagb-infobox-icon-above-title uagb-infobox-image-valign-top\"><div class=\"uagb-ifb-content\"><div class=\"uagb-ifb-title-wrap\"><p class=\"uagb-ifb-title-prefix\">01<\/p><h3 class=\"uagb-ifb-title\">Mantenimiento inform\u00e1tico <\/h3><\/div><p class=\"uagb-ifb-desc\">Mantenimientos preventivos y correctivos de sistemas inform\u00e1ticos para que sus equipos sean operativos el mayor tiempo posible ofreciendo servicios integrales de software, hardware y redes<\/p><\/div><\/div>\n<\/div>\n\n\n\n<div class=\"wp-block-uagb-container uagb-block-uvvv6hwa\">\n<div class=\"wp-block-uagb-image alignleft uagb-block-ryhefueg wp-block-uagb-image--layout-default wp-block-uagb-image--effect-static wp-block-uagb-image--align-left\"><figure class=\"wp-block-uagb-image__figure\"><img loading=\"lazy\" decoding=\"async\" srcset=\"https:\/\/www.nimsistemas.es\/wp-content\/uploads\/2024\/12\/fundamentos-informatica-pensamiento-humano-895x439-1.jpg ,https:\/\/www.nimsistemas.es\/wp-content\/uploads\/2024\/12\/fundamentos-informatica-pensamiento-humano-895x439-1.jpg 780w, https:\/\/www.nimsistemas.es\/wp-content\/uploads\/2024\/12\/fundamentos-informatica-pensamiento-humano-895x439-1.jpg 360w\" sizes=\"auto, (max-width: 480px) 150px\" src=\"https:\/\/www.nimsistemas.es\/wp-content\/uploads\/2024\/12\/fundamentos-informatica-pensamiento-humano-895x439-1.jpg\" alt=\"\" class=\"uag-image-281\" width=\"564\" height=\"400\" title=\"fundamentos-informatica-pensamiento-humano-895x439\" loading=\"lazy\" role=\"img\"\/><\/figure><\/div>\n\n\n\n<div class=\"wp-block-uagb-info-box uagb-block-hqlkh1dz uagb-infobox__content-wrap  uagb-infobox-icon-above-title uagb-infobox-image-valign-top\"><div class=\"uagb-ifb-content\"><div class=\"uagb-ifb-title-wrap\"><p class=\"uagb-ifb-title-prefix\">02<\/p><h3 class=\"uagb-ifb-title\">Laboratorio inform\u00e1tico<\/h3><\/div><p class=\"uagb-ifb-desc\">Reparaci\u00f3n de Ordenadores, monitores, port\u00e1tiles, impresoras, tpv&#8230; desde nuestro laboratorio hacemos una revisi\u00f3n y diagn\u00f3stico de su equipo, informando al cliente del presupuesto de la reparaci\u00f3n y en el menor tiempo posible.<\/p><\/div><\/div>\n<\/div>\n<\/div><\/div>\n\n\n\n<div class=\"wp-block-uagb-container uagb-block-69d6c824 alignfull uagb-is-root-container\"><div class=\"uagb-container-inner-blocks-wrap\">\n<div class=\"wp-block-uagb-container uagb-block-9f76eca7\">\n<div class=\"wp-block-uagb-image alignleft uagb-block-daf7e815 wp-block-uagb-image--layout-default wp-block-uagb-image--effect-static wp-block-uagb-image--align-left\"><figure class=\"wp-block-uagb-image__figure\"><img loading=\"lazy\" decoding=\"async\" srcset=\"https:\/\/www.nimsistemas.es\/wp-content\/uploads\/2024\/12\/istockphoto-1439425791-612x612-1.jpg ,https:\/\/www.nimsistemas.es\/wp-content\/uploads\/2024\/12\/istockphoto-1439425791-612x612-1.jpg 780w, https:\/\/www.nimsistemas.es\/wp-content\/uploads\/2024\/12\/istockphoto-1439425791-612x612-1.jpg 360w\" sizes=\"auto, (max-width: 480px) 150px\" src=\"https:\/\/www.nimsistemas.es\/wp-content\/uploads\/2024\/12\/istockphoto-1439425791-612x612-1.jpg\" alt=\"\" class=\"uag-image-295\" width=\"564\" height=\"400\" title=\"istockphoto-1439425791-612x612\" loading=\"lazy\" role=\"img\"\/><\/figure><\/div>\n\n\n\n<div class=\"wp-block-uagb-info-box uagb-block-0d407ca4 uagb-infobox__content-wrap  uagb-infobox-icon-above-title uagb-infobox-image-valign-top\"><div class=\"uagb-ifb-content\"><div class=\"uagb-ifb-title-wrap\"><p class=\"uagb-ifb-title-prefix\">03<\/p><h3 class=\"uagb-ifb-title\">Servicio T\u00e9cnico<\/h3><\/div><p class=\"uagb-ifb-desc\">Mantenimiento de sistemas inform\u00e1ticos para que sus equipos sean operativos el mayor tiempo posible ofreciendo servicios integrales de software, hardware y redes. Reparaci\u00f3n y soluciones de software, hardware, seguridad y redes inform\u00e1ticas, soporte remoto, help-desk, backup y recuperaci\u00f3n de datos <\/p><\/div><\/div>\n<\/div>\n\n\n\n<div class=\"wp-block-uagb-container uagb-block-37218d13\">\n<div class=\"wp-block-uagb-image alignleft uagb-block-2bdbc5e6 wp-block-uagb-image--layout-default wp-block-uagb-image--effect-static wp-block-uagb-image--align-left\"><figure class=\"wp-block-uagb-image__figure\"><img loading=\"lazy\" decoding=\"async\" srcset=\"https:\/\/www.nimsistemas.es\/wp-content\/uploads\/2024\/12\/Data-Recovery-Windows-1024x585.webp ,https:\/\/www.nimsistemas.es\/wp-content\/uploads\/2024\/12\/Data-Recovery-Windows.webp 780w, https:\/\/www.nimsistemas.es\/wp-content\/uploads\/2024\/12\/Data-Recovery-Windows.webp 360w\" sizes=\"auto, (max-width: 480px) 150px\" src=\"https:\/\/www.nimsistemas.es\/wp-content\/uploads\/2024\/12\/Data-Recovery-Windows-1024x585.webp\" alt=\"\" class=\"uag-image-283\" width=\"564\" height=\"400\" title=\"Data-Recovery-Windows\" loading=\"lazy\" role=\"img\"\/><\/figure><\/div>\n\n\n\n<div class=\"wp-block-uagb-info-box uagb-block-ea07810e uagb-infobox__content-wrap  uagb-infobox-icon-above-title uagb-infobox-image-valign-top\"><div class=\"uagb-ifb-content\"><div class=\"uagb-ifb-title-wrap\"><p class=\"uagb-ifb-title-prefix\">04<\/p><h3 class=\"uagb-ifb-title\">Soluciones Tecnol\u00f3gicas<\/h3><\/div><p class=\"uagb-ifb-desc\">Auditoria y consultor\u00eda inform\u00e1tica, an\u00e1lisis de necesidades, planificaci\u00f3n y desarrollo de su proyecto, implementaci\u00f3n t\u00e9cnica, soluciones de comunicaci\u00f3n y seguridad 365.<\/p><\/div><\/div>\n<\/div>\n<\/div><\/div>\n\n\n\n<div class=\"wp-block-uagb-container uagb-block-d704be9d alignfull uagb-is-root-container\"><div class=\"uagb-container-inner-blocks-wrap\">\n<div class=\"wp-block-uagb-container uagb-block-37019d41\">\n<div class=\"wp-block-uagb-image alignleft uagb-block-c748b3d8 wp-block-uagb-image--layout-default wp-block-uagb-image--effect-static wp-block-uagb-image--align-left\"><figure class=\"wp-block-uagb-image__figure\"><img loading=\"lazy\" decoding=\"async\" srcset=\"https:\/\/www.nimsistemas.es\/wp-content\/uploads\/2024\/12\/14-06-23-what-is-disaster-recovery-1024x576.jpg ,https:\/\/www.nimsistemas.es\/wp-content\/uploads\/2024\/12\/14-06-23-what-is-disaster-recovery.jpg 780w, https:\/\/www.nimsistemas.es\/wp-content\/uploads\/2024\/12\/14-06-23-what-is-disaster-recovery.jpg 360w\" sizes=\"auto, (max-width: 480px) 150px\" src=\"https:\/\/www.nimsistemas.es\/wp-content\/uploads\/2024\/12\/14-06-23-what-is-disaster-recovery-1024x576.jpg\" alt=\"\" class=\"uag-image-285\" width=\"564\" height=\"400\" title=\"14-06-23-what-is-disaster-recovery\" loading=\"lazy\" role=\"img\"\/><\/figure><\/div>\n\n\n\n<div class=\"wp-block-uagb-info-box uagb-block-9ea30500 uagb-infobox__content-wrap  uagb-infobox-icon-above-title uagb-infobox-image-valign-top\"><div class=\"uagb-ifb-content\"><div class=\"uagb-ifb-title-wrap\"><p class=\"uagb-ifb-title-prefix\">05<\/p><h3 class=\"uagb-ifb-title\">Backup &amp; recover disaster 365<\/h3><\/div><p class=\"uagb-ifb-desc\">Protege tus datos ante cualquier incidente manteniendo siempre la continuidad del negocio, disponibilidad, confidencialidad e integridad de su informaci\u00f3n.<\/p><\/div><\/div>\n<\/div>\n\n\n\n<div class=\"wp-block-uagb-container uagb-block-ca70ed98\">\n<div class=\"wp-block-uagb-image alignleft uagb-block-37f711fa wp-block-uagb-image--layout-default wp-block-uagb-image--effect-static wp-block-uagb-image--align-left\"><figure class=\"wp-block-uagb-image__figure\"><img loading=\"lazy\" decoding=\"async\" srcset=\"https:\/\/www.nimsistemas.es\/wp-content\/uploads\/2024\/12\/Feature-data-recovery-cost-1024x683.jpg ,https:\/\/www.nimsistemas.es\/wp-content\/uploads\/2024\/12\/Feature-data-recovery-cost.jpg 780w, https:\/\/www.nimsistemas.es\/wp-content\/uploads\/2024\/12\/Feature-data-recovery-cost.jpg 360w\" sizes=\"auto, (max-width: 480px) 150px\" src=\"https:\/\/www.nimsistemas.es\/wp-content\/uploads\/2024\/12\/Feature-data-recovery-cost-1024x683.jpg\" alt=\"\" class=\"uag-image-298\" width=\"564\" height=\"400\" title=\"Feature-data-recovery-cost\" loading=\"lazy\" role=\"img\"\/><\/figure><\/div>\n\n\n\n<div class=\"wp-block-uagb-info-box uagb-block-61fae547 uagb-infobox__content-wrap  uagb-infobox-icon-above-title uagb-infobox-image-valign-top\"><div class=\"uagb-ifb-content\"><div class=\"uagb-ifb-title-wrap\"><p class=\"uagb-ifb-title-prefix\">06<\/p><h3 class=\"uagb-ifb-title\">Recuperaci\u00f3n de datos<\/h3><\/div><p class=\"uagb-ifb-desc\">Si has perdido informaci\u00f3n de alg\u00fan dispositivo contamos con laboratorio y asociados para intentar recuperarla. Cualquier tipo de disco, cualquier sistema operativo, cualquier tipo de fallo.<\/p><\/div><\/div>\n<\/div>\n<\/div><\/div>\n\n\n\n<div class=\"wp-block-uagb-container uagb-block-22b4fb11 alignfull uagb-is-root-container\"><div class=\"uagb-container-inner-blocks-wrap\">\n<div class=\"wp-block-uagb-container uagb-block-03f302ba\">\n<div class=\"wp-block-uagb-image alignleft uagb-block-8347aa25 wp-block-uagb-image--layout-default wp-block-uagb-image--effect-static wp-block-uagb-image--align-left\"><figure class=\"wp-block-uagb-image__figure\"><img loading=\"lazy\" decoding=\"async\" srcset=\"https:\/\/www.nimsistemas.es\/wp-content\/uploads\/2024\/12\/DW6.jpg ,https:\/\/www.nimsistemas.es\/wp-content\/uploads\/2024\/12\/DW6.jpg 780w, https:\/\/www.nimsistemas.es\/wp-content\/uploads\/2024\/12\/DW6.jpg 360w\" sizes=\"auto, (max-width: 480px) 150px\" src=\"https:\/\/www.nimsistemas.es\/wp-content\/uploads\/2024\/12\/DW6.jpg\" alt=\"\" class=\"uag-image-300\" width=\"564\" height=\"400\" title=\"DW6\" loading=\"lazy\" role=\"img\"\/><\/figure><\/div>\n\n\n\n<div class=\"wp-block-uagb-info-box uagb-block-bc1773ed uagb-infobox__content-wrap  uagb-infobox-icon-above-title uagb-infobox-image-valign-top\"><div class=\"uagb-ifb-content\"><div class=\"uagb-ifb-title-wrap\"><p class=\"uagb-ifb-title-prefix\">07<\/p><h3 class=\"uagb-ifb-title\">Dise\u00f1o Web + Dominio + Hosting + SEO<\/h3><\/div><p class=\"uagb-ifb-desc\">Dise\u00f1o web, mantenimiento, dominios, hosting y SEO.. todo para que tu empresa tenga presencia en internet. Dise\u00f1amos web presenciales, corporativas o desarrollos a medida mediante unos planes acorde a tus necesidades reales<\/p><\/div><\/div>\n<\/div>\n\n\n\n<div class=\"wp-block-uagb-container uagb-block-459174a1\">\n<div class=\"wp-block-uagb-image alignleft uagb-block-e363bdbc wp-block-uagb-image--layout-default wp-block-uagb-image--effect-static wp-block-uagb-image--align-left\"><figure class=\"wp-block-uagb-image__figure\"><img loading=\"lazy\" decoding=\"async\" srcset=\"https:\/\/www.nimsistemas.es\/wp-content\/uploads\/2024\/12\/1698071503631-1024x574.png ,https:\/\/www.nimsistemas.es\/wp-content\/uploads\/2024\/12\/1698071503631.png 780w, https:\/\/www.nimsistemas.es\/wp-content\/uploads\/2024\/12\/1698071503631.png 360w\" sizes=\"auto, (max-width: 480px) 150px\" src=\"https:\/\/www.nimsistemas.es\/wp-content\/uploads\/2024\/12\/1698071503631-1024x574.png\" alt=\"\" class=\"uag-image-270\" width=\"564\" height=\"400\" title=\"1698071503631\" loading=\"lazy\" role=\"img\"\/><\/figure><\/div>\n\n\n\n<div class=\"wp-block-uagb-info-box uagb-block-6316fdbd uagb-infobox__content-wrap  uagb-infobox-icon-above-title uagb-infobox-image-valign-top\"><div class=\"uagb-ifb-content\"><div class=\"uagb-ifb-title-wrap\"><p class=\"uagb-ifb-title-prefix\">08<\/p><h3 class=\"uagb-ifb-title\">Redes inform\u00e1ticas, voz y datos<\/h3><\/div><p class=\"uagb-ifb-desc\">Si necesitas dise\u00f1ar, instalar o revisar la infraestructura de red lan, wifi o telefon\u00eda le asesoramos en el mejor dise\u00f1o y distribuci\u00f3n de los puestos as\u00ed c\u00f3mo los elementos a utilizar: racks, swtich, pach panel, cableado, tomas de red&#8230; le damos soluciones reales y adaptadas a sus necesidades.<\/p><\/div><\/div>\n<\/div>\n<\/div><\/div>\n\n\n\n<div class=\"wp-block-uagb-container uagb-block-07a7e042 alignfull uagb-is-root-container\"><div class=\"uagb-container-inner-blocks-wrap\">\n<div class=\"wp-block-uagb-container uagb-block-659ba3b0\">\n<div class=\"wp-block-uagb-image alignleft uagb-block-b42b8945 wp-block-uagb-image--layout-default wp-block-uagb-image--effect-static wp-block-uagb-image--align-left\"><figure class=\"wp-block-uagb-image__figure\"><img loading=\"lazy\" decoding=\"async\" srcset=\"https:\/\/www.nimsistemas.es\/wp-content\/uploads\/2024\/12\/nube.jpeg ,https:\/\/www.nimsistemas.es\/wp-content\/uploads\/2024\/12\/nube.jpeg 780w, https:\/\/www.nimsistemas.es\/wp-content\/uploads\/2024\/12\/nube.jpeg 360w\" sizes=\"auto, (max-width: 480px) 150px\" src=\"https:\/\/www.nimsistemas.es\/wp-content\/uploads\/2024\/12\/nube.jpeg\" alt=\"\" class=\"uag-image-272\" width=\"564\" height=\"400\" title=\"nube\" loading=\"lazy\" role=\"img\"\/><\/figure><\/div>\n\n\n\n<div class=\"wp-block-uagb-info-box uagb-block-0ec0b420 uagb-infobox__content-wrap  uagb-infobox-icon-above-title uagb-infobox-image-valign-top\"><div class=\"uagb-ifb-content\"><div class=\"uagb-ifb-title-wrap\"><p class=\"uagb-ifb-title-prefix\">09<\/p><h3 class=\"uagb-ifb-title\">Servidores y Cloud<\/h3><\/div><p class=\"uagb-ifb-desc\">Tus datos siempre disponibles en todo momento. Dise\u00f1amos y configuramos snapshots , sistemas de backup y seguridad para que tus servidores f\u00edsicos o cloud est\u00e9n siempre protegidos ante posibles fallos.<\/p><\/div><\/div>\n<\/div>\n<\/div><\/div>\n","protected":false},"excerpt":{"rendered":"","protected":false},"author":2,"featured_media":0,"parent":0,"menu_order":0,"comment_status":"closed","ping_status":"closed","template":"","meta":{"_uag_custom_page_level_css":"","footnotes":""},"class_list":["post-192","page","type-page","status-publish","hentry"],"uagb_featured_image_src":{"full":false,"thumbnail":false,"medium":false,"medium_large":false,"large":false,"1536x1536":false,"2048x2048":false},"uagb_author_info":{"display_name":"NIMSISTEMAS","author_link":"https:\/\/www.nimsistemas.es\/?author=2"},"uagb_comment_info":0,"uagb_excerpt":null,"_links":{"self":[{"href":"https:\/\/www.nimsistemas.es\/index.php?rest_route=\/wp\/v2\/pages\/192","targetHints":{"allow":["GET"]}}],"collection":[{"href":"https:\/\/www.nimsistemas.es\/index.php?rest_route=\/wp\/v2\/pages"}],"about":[{"href":"https:\/\/www.nimsistemas.es\/index.php?rest_route=\/wp\/v2\/types\/page"}],"author":[{"embeddable":true,"href":"https:\/\/www.nimsistemas.es\/index.php?rest_route=\/wp\/v2\/users\/2"}],"replies":[{"embeddable":true,"href":"https:\/\/www.nimsistemas.es\/index.php?rest_route=%2Fwp%2Fv2%2Fcomments&post=192"}],"version-history":[{"count":10,"href":"https:\/\/www.nimsistemas.es\/index.php?rest_route=\/wp\/v2\/pages\/192\/revisions"}],"predecessor-version":[{"id":307,"href":"https:\/\/www.nimsistemas.es\/index.php?rest_route=\/wp\/v2\/pages\/192\/revisions\/307"}],"wp:attachment":[{"href":"https:\/\/www.nimsistemas.es\/index.php?rest_route=%2Fwp%2Fv2%2Fmedia&parent=192"}],"curies":[{"name":"wp","href":"https:\/\/api.w.org\/{rel}","templated":true}]}}