{"id":1254,"date":"2025-05-23T05:29:10","date_gmt":"2025-05-23T05:29:10","guid":{"rendered":"https:\/\/www.nimsistemas.es\/?page_id=1254"},"modified":"2025-05-23T11:04:24","modified_gmt":"2025-05-23T11:04:24","slug":"aviso-legal","status":"publish","type":"page","link":"https:\/\/www.nimsistemas.es\/?page_id=1254","title":{"rendered":"aviso legal"},"content":{"rendered":"\n<div class=\"wp-block-uagb-container uagb-block-pa73uoec alignfull uagb-is-root-container\"><div class=\"uagb-container-inner-blocks-wrap\">\n<div class=\"wp-block-uagb-advanced-heading uagb-block-0qi5okre\"><h2 class=\"uagb-heading-text\">aviso legal<\/h2><p class=\"uagb-desc-text\">En este apartado se recogen las condiciones generales (en adelante \u201cCondiciones Generales\u201d) que regulan el acceso, navegaci\u00f3n y uso de la web y la relaci\u00f3n entre el website y los usuarios del mismo (en adelante, los \u201cusuarios\u201d).<\/p><\/div>\n\n\n<div class=\"wp-block-uagb-faq uagb-faq__outer-wrap uagb-block-splpt4ez uagb-faq-icon-row-reverse uagb-faq-layout-accordion uagb-faq-expand-first-true uagb-faq-inactive-other-false uagb-faq__wrap uagb-buttons-layout-wrap uagb-faq-equal-height     \" data-faqtoggle=\"true\" role=\"tablist\"><div class=\"wp-block-uagb-faq-child uagb-faq-child__outer-wrap uagb-faq-item uagb-block-rrjnuq7m \" role=\"tab\" tabindex=\"0\"><div class=\"uagb-faq-questions-button uagb-faq-questions\">\t\t\t<span class=\"uagb-icon uagb-faq-icon-wrap\">\n\t\t\t\t\t\t\t<\/span>\n\t\t\t\t\t\t<span class=\"uagb-icon-active uagb-faq-icon-wrap\">\n\t\t\t\t\t\t\t<\/span>\n\t\t\t<p class=\"uagb-question\">1. USO DE LA WEB Y \u00c1MBITO DE APLICACI\u00d3N<\/p><\/div><div class=\"uagb-faq-content\"><p>En este apartado se recogen las condiciones generales (en adelante \u201cCondiciones Generales\u201d) que regulan el acceso, navegaci\u00f3n y uso de la web y la relaci\u00f3n entre el website y los usuarios del mismo (en adelante, los \u201cusuarios\u201d).<br>El website suministra los servicios y contenidos (textos, gr\u00e1ficos, dibujos, dise\u00f1os, c\u00f3digos, software, fotograf\u00edas, m\u00fasica, v\u00eddeos, sonidos, bases de datos, im\u00e1genes, expresiones e informaciones, as\u00ed como cualquier otra creaci\u00f3n protegida por las leyes nacionales y los tratados internacionales sobre propiedad intelectual e industrial) en el sitio web registrado bajo el dominio www.nimsistemas.es<br>Se entender\u00e1 que el acceso a la web o el consumo de sus servicios y contenidos a trav\u00e9s de ella implican la asunci\u00f3n del rol de Usuario y la aceptaci\u00f3n sin reservas de todas y cada una de las presentes Condiciones Generales, las cuales est\u00e1n sujetas a modificaci\u00f3n. En consecuencia, ser\u00e1 necesaria su lectura por parte del Usuario cada vez que se visite la web.<br>Asimismo, se podr\u00e1 habilitar espacios en la web a terceras entidades para la publicitaci\u00f3n de sus productos y\/o servicios. En estos casos, el titular del website no ser\u00e1 responsable de establecer las condiciones generales y particulares a tener en cuenta en la utilizaci\u00f3n, prestaci\u00f3n o contrataci\u00f3n de estos servicios por terceros y, por tanto, no podr\u00e1 ser considerado responsable de los mismos. La utilizaci\u00f3n y\/o la contrataci\u00f3n de dichos servicios espec\u00edficos implica la aceptaci\u00f3n de las condiciones particulares que los regulen en la versi\u00f3n publicada por el sitio web en el momento en que se produzca dicha utilizaci\u00f3n y\/o contrataci\u00f3n.<br>El propietario se reserva el derecho de retirar todos aquellos comentarios y aportaciones que vulneren el respeto a la dignidad de la persona, que sean discriminatorios, xen\u00f3fobos, racistas, pornogr\u00e1ficos, que atenten contra la juventud o la infancia, el orden o la seguridad p\u00fablica o que, a su juicio, no resultar\u00e1n adecuados para su publicaci\u00f3n. En cualquier caso, el titular, no ser\u00e1 responsable de las opiniones vertidas por los usuarios a trav\u00e9s de los foros, chats, u otras herramientas de participaci\u00f3n.<br>El uso de la web y servicios debe hacerse de forma legal y conductualmente aceptable. El usuario se compromete a hacer un uso adecuado de la plataforma, contenidos y servicios no emple\u00e1ndolos para: incurrir en actividades il\u00edcitas, ilegales o contrarias a la buena fe y al orden p\u00fablico; difundir contenidos o propaganda de car\u00e1cter racista, xen\u00f3fobo, pornogr\u00e1fico-ilegal, de apolog\u00eda del terrorismo o atentatorio contra los derechos humanos; provocar da\u00f1os en sistemas f\u00edsicos y l\u00f3gicos de los sus proveedores o de terceras personas; intentar acceder y, en su caso, utilizar las cuentas de otros usuarios o servicios personales y modificar o manipular sus mensajes o contenidos; realizar spamming o env\u00edo de mensajes no solicitados; o realizar cualquier otro uso que de cualquier forma pueda da\u00f1ar, inutilizar, sobrecargar o deteriorar el portal o los servicios o impedir la normal funcionamiento portal o de los servicios por parte de los usuarios.<\/p><\/div><\/div><div class=\"wp-block-uagb-faq-child uagb-faq-child__outer-wrap uagb-faq-item uagb-block-ijvwo6vi \" role=\"tab\" tabindex=\"0\"><div class=\"uagb-faq-questions-button uagb-faq-questions\">\t\t\t<span class=\"uagb-icon uagb-faq-icon-wrap\">\n\t\t\t\t\t\t\t<\/span>\n\t\t\t\t\t\t<span class=\"uagb-icon-active uagb-faq-icon-wrap\">\n\t\t\t\t\t\t\t<\/span>\n\t\t\t<p class=\"uagb-question\">2. SERVICIOS OFRECIDOS A TRAV\u00c9S DE LA WEB<\/p><\/div><div class=\"uagb-faq-content\"><p>El consumo de los servicios realizados a trav\u00e9s del website queda expresamente sujeto a las condiciones particulares de adquisici\u00f3n de dichos servicios o productos, establecidos al efecto y sin perjuicio de lo dispuesto en las presentes Condiciones Generales.<br>Los precios de los productos o servicios ser\u00e1n los que aparezcan expresamente en el momento de su contrataci\u00f3n en el sitio web o se negocien en cada momento, incluido el IVA correspondiente, que si no se menciona se considerar\u00e1 comprendido en el precio total. El titular se reserva el derecho de modificar las condiciones particulares relativas a las condiciones de pago y alcance de los servicios o productos.<br>El uso de ciertos servicios puede requerir la cumplimentaci\u00f3n de formularios adicionales cuyas condiciones y privacidad se expondr\u00e1n expresamente.<br>El acceso a los recursos puede suponer la creaci\u00f3n de una cuenta en la base de datos de la web.<br>El uso de esta cuenta dar\u00eda acceso a diversas plataformas vinculadas al titular en las que seguir sus condiciones de uso.<\/p><\/div><\/div><div class=\"wp-block-uagb-faq-child uagb-faq-child__outer-wrap uagb-faq-item uagb-block-v2nomjda \" role=\"tab\" tabindex=\"0\"><div class=\"uagb-faq-questions-button uagb-faq-questions\">\t\t\t<span class=\"uagb-icon uagb-faq-icon-wrap\">\n\t\t\t\t\t\t\t<\/span>\n\t\t\t\t\t\t<span class=\"uagb-icon-active uagb-faq-icon-wrap\">\n\t\t\t\t\t\t\t<\/span>\n\t\t\t<p class=\"uagb-question\">3. DERECHOS DE PROPIEDAD INTELECTUAL E INDUSTRIAL<\/p><\/div><div class=\"uagb-faq-content\"><p>Nimsistemas es titular de los derechos de propiedad intelectual e industrial del portal web, incluyendo el dise\u00f1o gr\u00e1fico y el c\u00f3digo HTML, y es tambi\u00e9n titular o tiene la correspondiente licencia sobre los derechos de propiedad intelectual, industrial y de imagen sobre de los contenidos distribuidos a trav\u00e9s del mismo.<br>La explotaci\u00f3n de los contenidos de la web no podr\u00e1 llevarse a cabo sin consentimiento expreso del titular y su consumo no supone una una renuncia, transmisi\u00f3n, licencia o cesi\u00f3n total ni parcial de dichos derechos por parte del titular, salvo que se especifique en el contenido concreto.<br>En consecuencia, el Usuario se compromete a no reproducir, copiar, distribuir o comunicar p\u00fablicamente tales contenidos sin el consentimiento del titular ni eliminar u obviar el aviso de derechos de autor, lo que exime a la web de cualquier acci\u00f3n que no respete esta pol\u00edtica.<br>Nimsistemas no es titular de ning\u00fan derecho de propiedad sobre los contenidos publicados en otras p\u00e1ginas web, por lo que queda plenamente exonerado de responsabilidad por los mismos.<br>El usuario mantendr\u00e1 indemne a Nimsistemas frente a cualquier reclamaci\u00f3n de tercero sobre derechos de propiedad intelectual, industrial, derechos de imagen y\/o cualquier otro derecho sobre los contenidos publicados por aqu\u00e9l en otros lugares no autorizados expresamente por el titular.<br>Si cualquier persona o entidad considera que sus contenidos han sido copiados y publicados en el portal de una manera que constituye una violaci\u00f3n de sus derechos de propiedad intelectual, industrial y\/o derechos al honor, a la intimidad o a la imagen o cualquier otro derecho, podr\u00e1 comunicarlo al moderador, por cualquiera de las v\u00edas de contacto que figuran en el portal, con el asunto \u201cVulneraci\u00f3n de derechos\u201d y acompa\u00f1ada de toda la informaci\u00f3n relevante as\u00ed como un documento que acredite su identidad.<br>Si cualquier persona considera que los contenidos publicados vulneran sus derechos, deber\u00e1 ponerse en contacto con Nimsistemas y solicitar la retirada de los mismos. El titular atender\u00e1 tal petici\u00f3n y proceder\u00e1 a la cancelaci\u00f3n de los contenidos si as\u00ed ha de hacerse.<\/p><\/div><\/div><div class=\"wp-block-uagb-faq-child uagb-faq-child__outer-wrap uagb-faq-item uagb-block-gr9cfujo \" role=\"tab\" tabindex=\"0\"><div class=\"uagb-faq-questions-button uagb-faq-questions\">\t\t\t<span class=\"uagb-icon uagb-faq-icon-wrap\">\n\t\t\t\t\t\t\t<\/span>\n\t\t\t\t\t\t<span class=\"uagb-icon-active uagb-faq-icon-wrap\">\n\t\t\t\t\t\t\t<\/span>\n\t\t\t<p class=\"uagb-question\">4. EXCLUSI\u00d3N DE GARANTIAS Y RESPONSABILIDADES<\/p><\/div><div class=\"uagb-faq-content\"><p>El prestador no puede garantizar la fiabilidad, utilidad o veracidad de absolutamente toda la informaci\u00f3n y\/o de los servicios del Sitio Web, ni tampoco de la utilidad o veracidad de la documentaci\u00f3n puesta a disposici\u00f3n a trav\u00e9s del mismo.<br>En consecuencia, el prestador no garantiza ni se hace responsable de: (i) la continuidad de los contenidos del Sitio Web y cuestiones de vulnerabilidad de la p\u00e1gina, a pesar de que el prestador declara que ha adoptado todas las medidas necesarias, dentro de sus posibilidades, para garantizar el funcionamiento del Sitio Web y reducir al m\u00ednimo los errores del sistema, tanto desde el punto de vista t\u00e9cnico como de los contenidos publicados en el Sitio Web.<br>El titular no garantiza la licitud, fiabilidad y utilidad de los contenidos suministrados por terceros a trav\u00e9s del Sitio Web. Si el usuario tuviera conocimiento de la existencia de alg\u00fan contenido il\u00edcito, ilegal, contrario a las leyes o que pudiera suponer una infracci\u00f3n de derechos de terceros, deber\u00e1 notificarlo inmediatamente al titular para que esta pueda proceder a la adopci\u00f3n de las medidas oportunas.<br>Nimsistemas no ser\u00e1 responsable de la veracidad, integridad o actualizaci\u00f3n de las informaciones publicadas en el Sitio Web provenientes de fuentes ajenas al mismo, as\u00ed como tampoco de las contenidas en otras plataformas a las que se enlace desde el Sitio Web. Tampoco queda obligado al conocimiento de toda menci\u00f3n que aparezca de www.nimsistemas.es en Internet. El titular no asumir\u00e1 responsabilidad en cuanto a hipot\u00e9ticos perjuicios que pudieran originarse por estas fuentes.<\/p><\/div><\/div><div class=\"wp-block-uagb-faq-child uagb-faq-child__outer-wrap uagb-faq-item uagb-block-9ce3f758 \" role=\"tab\" tabindex=\"0\"><div class=\"uagb-faq-questions-button uagb-faq-questions\">\t\t\t<span class=\"uagb-icon uagb-faq-icon-wrap\">\n\t\t\t\t\t\t\t<\/span>\n\t\t\t\t\t\t<span class=\"uagb-icon-active uagb-faq-icon-wrap\">\n\t\t\t\t\t\t\t<\/span>\n\t\t\t<p class=\"uagb-question\">5. MODIFICACIONES<\/p><\/div><div class=\"uagb-faq-content\"><p>La web se reserva el derecho de efectuar sin previo aviso las modificaciones que considere oportunas en su portal, pudiendo cambiar, suprimir o a\u00f1adir tanto los contenidos y servicios que se presten a trav\u00e9s de la misma como la forma en la que \u00e9stos aparezcan presentados o localizados en su portal<\/p><\/div><\/div><div class=\"wp-block-uagb-faq-child uagb-faq-child__outer-wrap uagb-faq-item uagb-block-805120bd \" role=\"tab\" tabindex=\"0\"><div class=\"uagb-faq-questions-button uagb-faq-questions\">\t\t\t<span class=\"uagb-icon uagb-faq-icon-wrap\">\n\t\t\t\t\t\t\t<\/span>\n\t\t\t\t\t\t<span class=\"uagb-icon-active uagb-faq-icon-wrap\">\n\t\t\t\t\t\t\t<\/span>\n\t\t\t<p class=\"uagb-question\">6. ENLACES<\/p><\/div><div class=\"uagb-faq-content\"><p>En el caso de que en el sitio web se dispusiesen enlaces o hiperv\u00ednculos hac\u00eda otros sitios de Internet, www.nimsistemas.es no ejercer\u00e1 control sobre el contenido publicado en dichos sitios ni asumir\u00e1 responsabilidad alguna por ellos al pertenecer a sitios web ajenos.<br>El usuario reconoce y acepta que el titular no ser\u00e1 responsable de las p\u00e9rdidas o da\u00f1os en que el usuario pueda incurrir a consecuencia de la disponibilidad de los mencionados sitios web o recursos externos.<br>Adem\u00e1s, podr\u00e1 habilitar espacios en la web a terceras entidades para la publicitaci\u00f3n de sus propios productos y\/o servicios. En estos casos, el titular no ser\u00e1 responsable de establecer las condiciones generales y particulares de uso a tener en cuenta en la utilizaci\u00f3n, prestaci\u00f3n o contrataci\u00f3n de estos servicios por terceros y, por tanto, no podr\u00e1 ser considerado responsable de los mismos. La utilizaci\u00f3n y\/o la contrataci\u00f3n de dichos servicios espec\u00edficos implica la aceptaci\u00f3n de las condiciones particulares que los regulen en la versi\u00f3n publicada por el website en el momento en que se produzca dicha utilizaci\u00f3n y\/o contrataci\u00f3n.<br>La inclusi\u00f3n de estas conexiones externas e hiperv\u00ednculos no implicar\u00e1 ning\u00fan tipo de asociaci\u00f3n, fusi\u00f3n o participaci\u00f3n con las entidades conectadas.<\/p><\/div><\/div><div class=\"wp-block-uagb-faq-child uagb-faq-child__outer-wrap uagb-faq-item uagb-block-2590bb60 \" role=\"tab\" tabindex=\"0\"><div class=\"uagb-faq-questions-button uagb-faq-questions\">\t\t\t<span class=\"uagb-icon uagb-faq-icon-wrap\">\n\t\t\t\t\t\t\t<\/span>\n\t\t\t\t\t\t<span class=\"uagb-icon-active uagb-faq-icon-wrap\">\n\t\t\t\t\t\t\t<\/span>\n\t\t\t<p class=\"uagb-question\">7. DERECHO DE EXCLUSI\u00d3N<\/p><\/div><div class=\"uagb-faq-content\"><p>El propietario se reserva el derecho a denegar o retirar el acceso a portal y\/o los servicios ofrecidos sin necesidad de preaviso, a instancia propia o de un tercero, a aquellos usuarios que incumplan las presentes Condiciones Generales de Uso.<\/p><\/div><\/div><div class=\"wp-block-uagb-faq-child uagb-faq-child__outer-wrap uagb-faq-item uagb-block-12ad484c \" role=\"tab\" tabindex=\"0\"><div class=\"uagb-faq-questions-button uagb-faq-questions\">\t\t\t<span class=\"uagb-icon uagb-faq-icon-wrap\">\n\t\t\t\t\t\t\t<\/span>\n\t\t\t\t\t\t<span class=\"uagb-icon-active uagb-faq-icon-wrap\">\n\t\t\t\t\t\t\t<\/span>\n\t\t\t<p class=\"uagb-question\">8.GENERALIDADES<\/p><\/div><div class=\"uagb-faq-content\"><p>En este apartado se recogen las condiciones generales (en adelante \u201cCondiciones Generales\u201d) que regulan el acceso, navegaci\u00f3n y uso de la web y la relaci\u00f3n entre el website y los usuarios del mismo (en adelante, los \u201cusuarios\u201d).<\/p><\/div><\/div><div class=\"wp-block-uagb-faq-child uagb-faq-child__outer-wrap uagb-faq-item uagb-block-ac9d7e93 \" role=\"tab\" tabindex=\"0\"><div class=\"uagb-faq-questions-button uagb-faq-questions\">\t\t\t<span class=\"uagb-icon uagb-faq-icon-wrap\">\n\t\t\t\t\t\t\t<\/span>\n\t\t\t\t\t\t<span class=\"uagb-icon-active uagb-faq-icon-wrap\">\n\t\t\t\t\t\t\t<\/span>\n\t\t\t<p class=\"uagb-question\">9.MODIFICACI\u00d3N DE LAS PRESENTES CONDICIONES Y DURACI\u00d3N<\/p><\/div><div class=\"uagb-faq-content\"><p>La web podr\u00e1 cambiar en cualquier momento las condiciones aqu\u00ed determinadas, siendo debidamente publicadas como aqu\u00ed aparecen. La vigencia de las citadas condiciones ir\u00e1 en funci\u00f3n de su exposici\u00f3n y estar\u00e1n vigentes hasta que sean modificadas por otras debidamente publicadas.<\/p><\/div><\/div><div class=\"wp-block-uagb-faq-child uagb-faq-child__outer-wrap uagb-faq-item uagb-block-e1cba666 \" role=\"tab\" tabindex=\"0\"><div class=\"uagb-faq-questions-button uagb-faq-questions\">\t\t\t<span class=\"uagb-icon uagb-faq-icon-wrap\">\n\t\t\t\t\t\t\t<\/span>\n\t\t\t\t\t\t<span class=\"uagb-icon-active uagb-faq-icon-wrap\">\n\t\t\t\t\t\t\t<\/span>\n\t\t\t<p class=\"uagb-question\">10. LEGISLACI\u00d3N APLICABLE Y JURISDICCI\u00d3N<\/p><\/div><div class=\"uagb-faq-content\"><p>La ley aplicable en caso de disputa o conflicto de interpretaci\u00f3n de los t\u00e9rminos que conforman este Aviso Legal, as\u00ed como cualquier cuesti\u00f3n relacionada con los servicios del presente portal, ser\u00e1 la ley espa\u00f1ola.<br>Para la resoluci\u00f3n de cualquier conflicto que pueda surgir con ocasi\u00f3n de la vista al portal o del uso de los servicios que en \u00e9l se puedan ofertar, nimsistemas y el usuario acuerdan someterse a los Jueces y Tribunales de Toledo.<\/p><\/div><\/div><\/div><\/div><\/div>\n","protected":false},"excerpt":{"rendered":"<p>aviso legal En este apartado se recogen las condiciones generales (en adelante \u201cCondiciones Generales\u201d) que regulan el acceso, navegaci\u00f3n y uso de la web y la relaci\u00f3n entre el website y los usuarios del mismo (en adelante, los \u201cusuarios\u201d).<\/p>\n","protected":false},"author":2,"featured_media":0,"parent":0,"menu_order":0,"comment_status":"closed","ping_status":"closed","template":"","meta":{"_uag_custom_page_level_css":"","footnotes":""},"class_list":["post-1254","page","type-page","status-publish","hentry"],"uagb_featured_image_src":{"full":false,"thumbnail":false,"medium":false,"medium_large":false,"large":false,"1536x1536":false,"2048x2048":false},"uagb_author_info":{"display_name":"NIMSISTEMAS","author_link":"https:\/\/www.nimsistemas.es\/?author=2"},"uagb_comment_info":0,"uagb_excerpt":"aviso legal En este apartado se recogen las condiciones generales (en adelante \u201cCondiciones Generales\u201d) que regulan el acceso, navegaci\u00f3n y uso de la web y la relaci\u00f3n entre el website y los usuarios del mismo (en adelante, los \u201cusuarios\u201d).","_links":{"self":[{"href":"https:\/\/www.nimsistemas.es\/index.php?rest_route=\/wp\/v2\/pages\/1254","targetHints":{"allow":["GET"]}}],"collection":[{"href":"https:\/\/www.nimsistemas.es\/index.php?rest_route=\/wp\/v2\/pages"}],"about":[{"href":"https:\/\/www.nimsistemas.es\/index.php?rest_route=\/wp\/v2\/types\/page"}],"author":[{"embeddable":true,"href":"https:\/\/www.nimsistemas.es\/index.php?rest_route=\/wp\/v2\/users\/2"}],"replies":[{"embeddable":true,"href":"https:\/\/www.nimsistemas.es\/index.php?rest_route=%2Fwp%2Fv2%2Fcomments&post=1254"}],"version-history":[{"count":4,"href":"https:\/\/www.nimsistemas.es\/index.php?rest_route=\/wp\/v2\/pages\/1254\/revisions"}],"predecessor-version":[{"id":1258,"href":"https:\/\/www.nimsistemas.es\/index.php?rest_route=\/wp\/v2\/pages\/1254\/revisions\/1258"}],"wp:attachment":[{"href":"https:\/\/www.nimsistemas.es\/index.php?rest_route=%2Fwp%2Fv2%2Fmedia&parent=1254"}],"curies":[{"name":"wp","href":"https:\/\/api.w.org\/{rel}","templated":true}]}}