{"id":1064,"date":"2025-04-03T15:16:59","date_gmt":"2025-04-03T15:16:59","guid":{"rendered":"https:\/\/www.nimsistemas.es\/?page_id=1064"},"modified":"2025-05-23T04:54:07","modified_gmt":"2025-05-23T04:54:07","slug":"portfolio","status":"publish","type":"page","link":"https:\/\/www.nimsistemas.es\/?page_id=1064","title":{"rendered":"Portfolio-trayectoria"},"content":{"rendered":"\n<div class=\"wp-block-uagb-container uagb-block-lgjd4ndw alignfull uagb-is-root-container\"><div class=\"uagb-container-inner-blocks-wrap\">\n<div class=\"wp-block-uagb-info-box uagb-block-kqkh0rzk uagb-infobox__content-wrap  uagb-infobox-icon-above-title uagb-infobox-image-valign-top\"><div class=\"uagb-ifb-content\"><div class=\"uagb-ifb-title-wrap\"><h2 class=\"uagb-ifb-title\">trayectoria, proyectos y trabajos realizados<\/h2><\/div><p class=\"uagb-ifb-desc\">trayectoria profesional, proyectos y trabajos realizados<\/p><\/div><\/div>\n\n\n\n<div class=\"wp-block-uagb-container uagb-block-0944412c\">\n<div class=\"wp-block-uagb-container uagb-layout-grid uagb-block-c6269697\">\n<div class=\"wp-block-uagb-image aligncenter uagb-block-7c7baf2b wp-block-uagb-image--layout-default wp-block-uagb-image--effect-static wp-block-uagb-image--align-center alignleft\"><figure class=\"wp-block-uagb-image__figure\"><img loading=\"lazy\" decoding=\"async\" srcset=\"https:\/\/www.nimsistemas.es\/wp-content\/uploads\/2025\/03\/ministerio-del-interior-300x95.png ,https:\/\/www.nimsistemas.es\/wp-content\/uploads\/2025\/03\/ministerio-del-interior.png 780w, https:\/\/www.nimsistemas.es\/wp-content\/uploads\/2025\/03\/ministerio-del-interior.png 360w\" sizes=\"auto, (max-width: 480px) 150px\" src=\"https:\/\/www.nimsistemas.es\/wp-content\/uploads\/2025\/03\/ministerio-del-interior-300x95.png\" alt=\"\" class=\"uag-image-940\" width=\"300\" height=\"100\" title=\"\" loading=\"lazy\" role=\"presentation\"\/><\/figure><\/div>\n\n\n\n<div class=\"wp-block-uagb-info-box uagb-block-df186f50 uagb-infobox__content-wrap  uagb-infobox-icon-above-title uagb-infobox-image-valign-top\"><div class=\"uagb-ifb-content\"><div class=\"uagb-ifb-title-wrap\"><p class=\"uagb-ifb-title-prefix\">MINISTERIO DEL INTERIOR<\/p><h6 class=\"uagb-ifb-title\">Dpto. Admin. de Sistemas IT e inform\u00e1tica SGTIC<\/h6><\/div><p class=\"uagb-ifb-desc\">12 a\u00f1os trabajando el dpto. de sistemas de la informaci\u00f3n SGTIC: instalaci\u00f3n y reparaci\u00f3n de equipos inform\u00e1ticos y administraci\u00f3n de equipos y sistemas, soporte a usuarios y VIPs, cumpliendo con los SLA\u00b4s establecidos durante el ciclo de vida.<\/p><\/div><\/div>\n<\/div>\n\n\n\n<div class=\"wp-block-uagb-container uagb-layout-grid uagb-block-aebb9e47\">\n<div class=\"wp-block-uagb-image aligncenter uagb-block-0ddbc22b wp-block-uagb-image--layout-default wp-block-uagb-image--effect-static wp-block-uagb-image--align-center alignleft\"><figure class=\"wp-block-uagb-image__figure\"><img loading=\"lazy\" decoding=\"async\" srcset=\"https:\/\/www.nimsistemas.es\/wp-content\/uploads\/2025\/02\/guardia-civil.png ,https:\/\/www.nimsistemas.es\/wp-content\/uploads\/2025\/02\/guardia-civil.png 780w, https:\/\/www.nimsistemas.es\/wp-content\/uploads\/2025\/02\/guardia-civil.png 360w\" sizes=\"auto, (max-width: 480px) 150px\" src=\"https:\/\/www.nimsistemas.es\/wp-content\/uploads\/2025\/02\/guardia-civil.png\" alt=\"\" class=\"uag-image-954\" width=\"150\" height=\"100\" title=\"guardia civil\" loading=\"lazy\" role=\"img\"\/><\/figure><\/div>\n\n\n\n<div class=\"wp-block-uagb-info-box uagb-block-469cd68a uagb-infobox__content-wrap  uagb-infobox-icon-above-title uagb-infobox-image-valign-top\"><div class=\"uagb-ifb-content\"><div class=\"uagb-ifb-title-wrap\"><p class=\"uagb-ifb-title-prefix\">GUARDIA CIVIL<\/p><h6 class=\"uagb-ifb-title\">Mantenimiento inform\u00e1tico<\/h6><\/div><p class=\"uagb-ifb-desc\">Responsable del proyecto a nivel nacional del mantenimiento de los equipos inform\u00e1ticos y servidores de las comandancias de Espa\u00f1a<\/p><\/div><\/div>\n<\/div>\n\n\n\n<div class=\"wp-block-uagb-container uagb-layout-grid uagb-block-4273f2a7\">\n<div class=\"wp-block-uagb-image aligncenter uagb-block-ffe34ba2 wp-block-uagb-image--layout-default wp-block-uagb-image--effect-static wp-block-uagb-image--align-center alignleft\"><figure class=\"wp-block-uagb-image__figure\"><img loading=\"lazy\" decoding=\"async\" srcset=\"https:\/\/www.nimsistemas.es\/wp-content\/uploads\/2025\/02\/koker2.png ,https:\/\/www.nimsistemas.es\/wp-content\/uploads\/2025\/02\/koker2.png 780w, https:\/\/www.nimsistemas.es\/wp-content\/uploads\/2025\/02\/koker2.png 360w\" sizes=\"auto, (max-width: 480px) 150px\" src=\"https:\/\/www.nimsistemas.es\/wp-content\/uploads\/2025\/02\/koker2.png\" alt=\"\" class=\"uag-image-952\" width=\"220\" height=\"101\" title=\"koker2\" loading=\"lazy\" role=\"img\"\/><\/figure><\/div>\n\n\n\n<div class=\"wp-block-uagb-info-box uagb-block-49ce43b3 uagb-infobox__content-wrap  uagb-infobox-icon-above-title uagb-infobox-image-valign-top\"><div class=\"uagb-ifb-content\"><div class=\"uagb-ifb-title-wrap\"><p class=\"uagb-ifb-title-prefix\">KOKER <\/p><h6 class=\"uagb-ifb-title\">Administraci\u00f3n de sistemas y ciberseguridad<\/h6><\/div><p class=\"uagb-ifb-desc\">Nos encargamos del mantenimiento inform\u00e1tico, sistemas y ciberseguridad de todas las tiendas de Espa\u00f1a y M\u00e9xico, con un servicio 12&#215;7 cumpliendo con los SLA\u00b4s establecidos<\/p><\/div><\/div>\n<\/div>\n\n\n\n<div class=\"wp-block-uagb-container uagb-layout-grid uagb-block-1a74e36f\">\n<div class=\"wp-block-uagb-image aligncenter uagb-block-5d429d9c wp-block-uagb-image--layout-default wp-block-uagb-image--effect-static wp-block-uagb-image--align-center alignleft\"><figure class=\"wp-block-uagb-image__figure\"><img loading=\"lazy\" decoding=\"async\" srcset=\"https:\/\/www.nimsistemas.es\/wp-content\/uploads\/2025\/03\/clinica-ferraro.png ,https:\/\/www.nimsistemas.es\/wp-content\/uploads\/2025\/03\/clinica-ferraro.png 780w, https:\/\/www.nimsistemas.es\/wp-content\/uploads\/2025\/03\/clinica-ferraro.png 360w\" sizes=\"auto, (max-width: 480px) 150px\" src=\"https:\/\/www.nimsistemas.es\/wp-content\/uploads\/2025\/03\/clinica-ferraro.png\" alt=\"\" class=\"uag-image-947\" width=\"177\" height=\"90\" title=\"clinica ferraro\" loading=\"lazy\" role=\"img\"\/><\/figure><\/div>\n\n\n\n<div class=\"wp-block-uagb-info-box uagb-block-c8c08e2c uagb-infobox__content-wrap  uagb-infobox-icon-above-title uagb-infobox-image-valign-top\"><div class=\"uagb-ifb-content\"><div class=\"uagb-ifb-title-wrap\"><p class=\"uagb-ifb-title-prefix\">CLINICA FERRARO<\/p><h6 class=\"uagb-ifb-title\">Administraci\u00f3n de sistemas y ciberseguridad<\/h6><\/div><p class=\"uagb-ifb-desc\">Mantenimiento inform\u00e1tico, sistemas y ciberseguridad con un servicio 12&#215;5 <\/p><\/div><\/div>\n<\/div>\n\n\n\n<div class=\"wp-block-uagb-container uagb-layout-grid uagb-block-eae7d8ab\">\n<div class=\"wp-block-uagb-image aligncenter uagb-block-bcc1fda5 wp-block-uagb-image--layout-default wp-block-uagb-image--effect-static wp-block-uagb-image--align-center alignleft\"><figure class=\"wp-block-uagb-image__figure\"><img loading=\"lazy\" decoding=\"async\" srcset=\"https:\/\/www.nimsistemas.es\/wp-content\/uploads\/2025\/03\/grupo-cecom-300x180.png ,https:\/\/www.nimsistemas.es\/wp-content\/uploads\/2025\/03\/grupo-cecom.png 780w, https:\/\/www.nimsistemas.es\/wp-content\/uploads\/2025\/03\/grupo-cecom.png 360w\" sizes=\"auto, (max-width: 480px) 150px\" src=\"https:\/\/www.nimsistemas.es\/wp-content\/uploads\/2025\/03\/grupo-cecom-300x180.png\" alt=\"\" class=\"uag-image-1011\" width=\"199\" height=\"100\" title=\"grupo cecom\" loading=\"lazy\" role=\"img\"\/><\/figure><\/div>\n\n\n\n<div class=\"wp-block-uagb-info-box uagb-block-ee95f960 uagb-infobox__content-wrap  uagb-infobox-icon-above-title uagb-infobox-image-valign-top\"><div class=\"uagb-ifb-content\"><div class=\"uagb-ifb-title-wrap\"><p class=\"uagb-ifb-title-prefix\">GRUPO CECOM<\/p><h6 class=\"uagb-ifb-title\">Dpto. Sistemas IT, servicios 365<\/h6><\/div><p class=\"uagb-ifb-desc\">Apoyo en todas las \u00e1reas del dpto. IT en su l\u00ednea de negocio: ciberseguridad, almacenamiento, servidores, mantenimiento, laboratorio , auditoria, consultor\u00eda, inform\u00e1tica forense, instalaci\u00f3n y redes.<\/p><\/div><\/div>\n<\/div>\n\n\n\n<div class=\"wp-block-uagb-container uagb-layout-grid uagb-block-2794dbd1\">\n<div class=\"wp-block-uagb-image aligncenter uagb-block-4abb94f6 wp-block-uagb-image--layout-default wp-block-uagb-image--effect-static wp-block-uagb-image--align-center alignleft\"><figure class=\"wp-block-uagb-image__figure\"><img loading=\"lazy\" decoding=\"async\" srcset=\"https:\/\/www.nimsistemas.es\/wp-content\/uploads\/2025\/03\/fvs-300x95.png ,https:\/\/www.nimsistemas.es\/wp-content\/uploads\/2025\/03\/fvs.png 780w, https:\/\/www.nimsistemas.es\/wp-content\/uploads\/2025\/03\/fvs.png 360w\" sizes=\"auto, (max-width: 480px) 150px\" src=\"https:\/\/www.nimsistemas.es\/wp-content\/uploads\/2025\/03\/fvs-300x95.png\" alt=\"\" class=\"uag-image-951\" width=\"204\" height=\"60\" title=\"fvs\" loading=\"lazy\" role=\"img\"\/><\/figure><\/div>\n\n\n\n<div class=\"wp-block-uagb-info-box uagb-block-5ae66a98 uagb-infobox__content-wrap  uagb-infobox-icon-above-title uagb-infobox-image-valign-top\"><div class=\"uagb-ifb-content\"><div class=\"uagb-ifb-title-wrap\"><p class=\"uagb-ifb-title-prefix\">FUNDACI\u00d3N VIDA SOSTENIBLE <\/p><h6 class=\"uagb-ifb-title\">Admin. Sistemas, mantenimiento t\u00e9cnico, atenci\u00f3n a usuarios y ciberseguridad<\/h6><\/div><p class=\"uagb-ifb-desc\">Auditoria inform\u00e1tica. Admin. sistemas, soporte a usuarios y ciberseguridad gestionada SOC MDR 365<\/p><\/div><\/div>\n<\/div>\n\n\n\n<div class=\"wp-block-uagb-container uagb-layout-grid uagb-block-e223bd18\">\n<div class=\"wp-block-uagb-image aligncenter uagb-block-9774b0b8 wp-block-uagb-image--layout-default wp-block-uagb-image--effect-static wp-block-uagb-image--align-center alignleft\"><figure class=\"wp-block-uagb-image__figure\"><img loading=\"lazy\" decoding=\"async\" srcset=\"https:\/\/www.nimsistemas.es\/wp-content\/uploads\/2025\/03\/globalcaja2-300x71.png ,https:\/\/www.nimsistemas.es\/wp-content\/uploads\/2025\/03\/globalcaja2.png 780w, https:\/\/www.nimsistemas.es\/wp-content\/uploads\/2025\/03\/globalcaja2.png 360w\" sizes=\"auto, (max-width: 480px) 150px\" src=\"https:\/\/www.nimsistemas.es\/wp-content\/uploads\/2025\/03\/globalcaja2-300x71.png\" alt=\"\" class=\"uag-image-948\" width=\"199\" height=\"100\" title=\"globalcaja2\" loading=\"lazy\" role=\"img\"\/><\/figure><\/div>\n\n\n\n<div class=\"wp-block-uagb-info-box uagb-block-597cac1b uagb-infobox__content-wrap  uagb-infobox-icon-above-title uagb-infobox-image-valign-top\"><div class=\"uagb-ifb-content\"><div class=\"uagb-ifb-title-wrap\"><p class=\"uagb-ifb-title-prefix\">GLOBALCAJA<\/p><h6 class=\"uagb-ifb-title\">Soporte T\u00e9cnico<\/h6><\/div><p class=\"uagb-ifb-desc\">soporte t\u00e9cnico a usuarios en el \u00e1rea de recobro de la entidad, centralita virtual y app<\/p><\/div><\/div>\n<\/div>\n\n\n\n<div class=\"wp-block-uagb-container uagb-layout-grid uagb-block-a72aac6e\">\n<div class=\"wp-block-uagb-image aligncenter uagb-block-a44e21a5 wp-block-uagb-image--layout-default wp-block-uagb-image--effect-static wp-block-uagb-image--align-center alignleft\"><figure class=\"wp-block-uagb-image__figure\"><img loading=\"lazy\" decoding=\"async\" srcset=\"https:\/\/www.nimsistemas.es\/wp-content\/uploads\/2025\/04\/alterdomus-300x61.png ,https:\/\/www.nimsistemas.es\/wp-content\/uploads\/2025\/04\/alterdomus.png 780w, https:\/\/www.nimsistemas.es\/wp-content\/uploads\/2025\/04\/alterdomus.png 360w\" sizes=\"auto, (max-width: 480px) 150px\" src=\"https:\/\/www.nimsistemas.es\/wp-content\/uploads\/2025\/04\/alterdomus-300x61.png\" alt=\"\" class=\"uag-image-1042\" width=\"216\" height=\"100\" title=\"alterdomus\" loading=\"lazy\" role=\"img\"\/><\/figure><\/div>\n\n\n\n<div class=\"wp-block-uagb-info-box uagb-block-45012b55 uagb-infobox__content-wrap  uagb-infobox-icon-above-title uagb-infobox-image-valign-top\"><div class=\"uagb-ifb-content\"><div class=\"uagb-ifb-title-wrap\"><p class=\"uagb-ifb-title-prefix\">ALTERDOMUS<\/p><h6 class=\"uagb-ifb-title\">Dpto. T\u00e9cnico. Mantenimiento de equipos ,soporte a usuarios y redes<\/h6><\/div><p class=\"uagb-ifb-desc\">Administraci\u00f3n, instalaci\u00f3n y reparaci\u00f3n de equipos inform\u00e1ticos, atenci\u00f3n a usuarios y redes<\/p><\/div><\/div>\n<\/div>\n\n\n\n<div class=\"wp-block-uagb-container uagb-layout-grid uagb-block-f0791280\">\n<div class=\"wp-block-uagb-image aligncenter uagb-block-b177979b wp-block-uagb-image--layout-default wp-block-uagb-image--effect-static wp-block-uagb-image--align-center alignleft\"><figure class=\"wp-block-uagb-image__figure\"><img loading=\"lazy\" decoding=\"async\" srcset=\"https:\/\/www.nimsistemas.es\/wp-content\/uploads\/2025\/04\/dormakaba-300x77.png ,https:\/\/www.nimsistemas.es\/wp-content\/uploads\/2025\/04\/dormakaba.png 780w, https:\/\/www.nimsistemas.es\/wp-content\/uploads\/2025\/04\/dormakaba.png 360w\" sizes=\"auto, (max-width: 480px) 150px\" src=\"https:\/\/www.nimsistemas.es\/wp-content\/uploads\/2025\/04\/dormakaba-300x77.png\" alt=\"\" class=\"uag-image-1043\" width=\"214\" height=\"100\" title=\"dormakaba\" loading=\"lazy\" role=\"img\"\/><\/figure><\/div>\n\n\n\n<div class=\"wp-block-uagb-info-box uagb-block-2a2842c1 uagb-infobox__content-wrap  uagb-infobox-icon-above-title uagb-infobox-image-valign-top\"><div class=\"uagb-ifb-content\"><div class=\"uagb-ifb-title-wrap\"><p class=\"uagb-ifb-title-prefix\">DORMAKABA<\/p><h6 class=\"uagb-ifb-title\">Dpto. T\u00e9cnico. Mantenimiento de equipos y soporte a usuarios<\/h6><\/div><p class=\"uagb-ifb-desc\">Administraci\u00f3n, instalaci\u00f3n y reparaci\u00f3n de equipos inform\u00e1ticos y atenci\u00f3n a usuarios<\/p><\/div><\/div>\n<\/div>\n\n\n\n<div class=\"wp-block-uagb-container uagb-layout-grid uagb-block-31882519\">\n<div class=\"wp-block-uagb-image aligncenter uagb-block-8b2c05c3 wp-block-uagb-image--layout-default wp-block-uagb-image--effect-static wp-block-uagb-image--align-center alignleft\"><figure class=\"wp-block-uagb-image__figure\"><img loading=\"lazy\" decoding=\"async\" srcset=\"https:\/\/www.nimsistemas.es\/wp-content\/uploads\/2025\/03\/fedhielo2-300x115.png ,https:\/\/www.nimsistemas.es\/wp-content\/uploads\/2025\/03\/fedhielo2.png 780w, https:\/\/www.nimsistemas.es\/wp-content\/uploads\/2025\/03\/fedhielo2.png 360w\" sizes=\"auto, (max-width: 480px) 150px\" src=\"https:\/\/www.nimsistemas.es\/wp-content\/uploads\/2025\/03\/fedhielo2-300x115.png\" alt=\"\" class=\"uag-image-941\" width=\"211\" height=\"80\" title=\"fedhielo2\" loading=\"lazy\" role=\"img\"\/><\/figure><\/div>\n\n\n\n<div class=\"wp-block-uagb-info-box uagb-block-d7f4b548 uagb-infobox__content-wrap  uagb-infobox-icon-above-title uagb-infobox-image-valign-top\"><div class=\"uagb-ifb-content\"><div class=\"uagb-ifb-title-wrap\"><p class=\"uagb-ifb-title-prefix\">REAL FEDERACI\u00d3N ESPA\u00d1OLA DEPORTES DE HIELO<\/p><h6 class=\"uagb-ifb-title\">Auditoria y consultoria<\/h6><\/div><p class=\"uagb-ifb-desc\">Auditoria inform\u00e1tica<\/p><\/div><\/div>\n<\/div>\n\n\n\n<div class=\"wp-block-uagb-container uagb-layout-grid uagb-block-a78359ea\">\n<div class=\"wp-block-uagb-image aligncenter uagb-block-919fc1a1 wp-block-uagb-image--layout-default wp-block-uagb-image--effect-static wp-block-uagb-image--align-center alignleft\"><figure class=\"wp-block-uagb-image__figure\"><img loading=\"lazy\" decoding=\"async\" srcset=\"https:\/\/www.nimsistemas.es\/wp-content\/uploads\/2025\/03\/eimfor2.png ,https:\/\/www.nimsistemas.es\/wp-content\/uploads\/2025\/03\/eimfor2.png 780w, https:\/\/www.nimsistemas.es\/wp-content\/uploads\/2025\/03\/eimfor2.png 360w\" sizes=\"auto, (max-width: 480px) 150px\" src=\"https:\/\/www.nimsistemas.es\/wp-content\/uploads\/2025\/03\/eimfor2.png\" alt=\"\" class=\"uag-image-950\" width=\"158\" height=\"80\" title=\"eimfor2\" loading=\"lazy\" role=\"img\"\/><\/figure><\/div>\n\n\n\n<div class=\"wp-block-uagb-info-box uagb-block-8b618e22 uagb-infobox__content-wrap  uagb-infobox-icon-above-title uagb-infobox-image-valign-top\"><div class=\"uagb-ifb-content\"><div class=\"uagb-ifb-title-wrap\"><p class=\"uagb-ifb-title-prefix\">EIMFOR<\/p><h6 class=\"uagb-ifb-title\">Auditoria y consultoria<\/h6><\/div><p class=\"uagb-ifb-desc\">Auditoria inform\u00e1tica<\/p><\/div><\/div>\n<\/div>\n\n\n\n<div class=\"wp-block-uagb-container uagb-layout-grid uagb-block-9aef435d\">\n<div class=\"wp-block-uagb-image aligncenter uagb-block-b86f2624 wp-block-uagb-image--layout-default wp-block-uagb-image--effect-static wp-block-uagb-image--align-center alignleft\"><figure class=\"wp-block-uagb-image__figure\"><img loading=\"lazy\" decoding=\"async\" srcset=\"https:\/\/www.nimsistemas.es\/wp-content\/uploads\/2025\/05\/ITP_Aero_Logo-300x79.png ,https:\/\/www.nimsistemas.es\/wp-content\/uploads\/2025\/05\/ITP_Aero_Logo-scaled.png 780w, https:\/\/www.nimsistemas.es\/wp-content\/uploads\/2025\/05\/ITP_Aero_Logo-scaled.png 360w\" sizes=\"auto, (max-width: 480px) 150px\" src=\"https:\/\/www.nimsistemas.es\/wp-content\/uploads\/2025\/05\/ITP_Aero_Logo-300x79.png\" alt=\"\" class=\"uag-image-1196\" width=\"191\" height=\"80\" title=\"ITP_Aero_Logo\" loading=\"lazy\" role=\"img\"\/><\/figure><\/div>\n\n\n\n<div class=\"wp-block-uagb-info-box uagb-block-0171a28a uagb-infobox__content-wrap  uagb-infobox-icon-above-title uagb-infobox-image-valign-top\"><div class=\"uagb-ifb-content\"><div class=\"uagb-ifb-title-wrap\"><p class=\"uagb-ifb-title-prefix\">ITP AERO<\/p><h6 class=\"uagb-ifb-title\">Dpto. T\u00e9cnico. Mantenimiento de equipos y soporte a usuarios<\/h6><\/div><p class=\"uagb-ifb-desc\">Administraci\u00f3n, instalaci\u00f3n y reparaci\u00f3n de equipos inform\u00e1ticos y atenci\u00f3n a usuarios<\/p><\/div><\/div>\n<\/div>\n\n\n\n<div class=\"wp-block-uagb-container uagb-layout-grid uagb-block-6c1d67f7\">\n<div class=\"wp-block-uagb-image aligncenter uagb-block-4ac1fc4f wp-block-uagb-image--layout-default wp-block-uagb-image--effect-static wp-block-uagb-image--align-center alignleft\"><figure class=\"wp-block-uagb-image__figure\"><img loading=\"lazy\" decoding=\"async\" srcset=\"https:\/\/www.nimsistemas.es\/wp-content\/uploads\/2025\/03\/CMV-ARQUITECTOS-300x52.png ,https:\/\/www.nimsistemas.es\/wp-content\/uploads\/2025\/03\/CMV-ARQUITECTOS.png 780w, https:\/\/www.nimsistemas.es\/wp-content\/uploads\/2025\/03\/CMV-ARQUITECTOS.png 360w\" sizes=\"auto, (max-width: 480px) 150px\" src=\"https:\/\/www.nimsistemas.es\/wp-content\/uploads\/2025\/03\/CMV-ARQUITECTOS-300x52.png\" alt=\"\" class=\"uag-image-966\" width=\"213\" height=\"100\" title=\"CMV ARQUITECTOS\" loading=\"lazy\" role=\"img\"\/><\/figure><\/div>\n\n\n\n<div class=\"wp-block-uagb-info-box uagb-block-ee36b1a0 uagb-infobox__content-wrap  uagb-infobox-icon-above-title uagb-infobox-image-valign-top\"><div class=\"uagb-ifb-content\"><div class=\"uagb-ifb-title-wrap\"><p class=\"uagb-ifb-title-prefix\">CMW ARQUITECTOS<\/p><h6 class=\"uagb-ifb-title\">Auditoria ciberseguridad<\/h6><\/div><p class=\"uagb-ifb-desc\">Auditoria de ciberseguridad inform\u00e1tica<\/p><\/div><\/div>\n<\/div>\n\n\n\n<div class=\"wp-block-uagb-container uagb-layout-grid uagb-block-95d61e06\">\n<div class=\"wp-block-uagb-image aligncenter uagb-block-656091c8 wp-block-uagb-image--layout-default wp-block-uagb-image--effect-static wp-block-uagb-image--align-center alignleft\"><figure class=\"wp-block-uagb-image__figure\"><img loading=\"lazy\" decoding=\"async\" srcset=\"https:\/\/www.nimsistemas.es\/wp-content\/uploads\/2025\/03\/asitur.png ,https:\/\/www.nimsistemas.es\/wp-content\/uploads\/2025\/03\/asitur.png 780w, https:\/\/www.nimsistemas.es\/wp-content\/uploads\/2025\/03\/asitur.png 360w\" sizes=\"auto, (max-width: 480px) 150px\" src=\"https:\/\/www.nimsistemas.es\/wp-content\/uploads\/2025\/03\/asitur.png\" alt=\"\" class=\"uag-image-1015\" width=\"169\" height=\"100\" title=\"asitur\" loading=\"lazy\" role=\"img\"\/><\/figure><\/div>\n\n\n\n<div class=\"wp-block-uagb-info-box uagb-block-ce00542d uagb-infobox__content-wrap  uagb-infobox-icon-above-title uagb-infobox-image-valign-top\"><div class=\"uagb-ifb-content\"><div class=\"uagb-ifb-title-wrap\"><p class=\"uagb-ifb-title-prefix\">ASITUR<\/p><h6 class=\"uagb-ifb-title\">Auditoria y Consultoria<\/h6><\/div><p class=\"uagb-ifb-desc\">Auditoria inform\u00e1tica<\/p><\/div><\/div>\n<\/div>\n\n\n\n<div class=\"wp-block-uagb-container uagb-layout-grid uagb-block-3070103e\">\n<div class=\"wp-block-uagb-image aligncenter uagb-block-fb54e285 wp-block-uagb-image--layout-default wp-block-uagb-image--effect-static wp-block-uagb-image--align-center alignleft\"><figure class=\"wp-block-uagb-image__figure\"><img loading=\"lazy\" decoding=\"async\" srcset=\"https:\/\/www.nimsistemas.es\/wp-content\/uploads\/2025\/05\/europcar-300x110.jpg ,https:\/\/www.nimsistemas.es\/wp-content\/uploads\/2025\/05\/europcar.jpg 780w, https:\/\/www.nimsistemas.es\/wp-content\/uploads\/2025\/05\/europcar.jpg 360w\" sizes=\"auto, (max-width: 480px) 150px\" src=\"https:\/\/www.nimsistemas.es\/wp-content\/uploads\/2025\/05\/europcar-300x110.jpg\" alt=\"\" class=\"uag-image-1199\" width=\"200\" height=\"100\" title=\"europcar\" loading=\"lazy\" role=\"img\"\/><\/figure><\/div>\n\n\n\n<div class=\"wp-block-uagb-info-box uagb-block-856f4932 uagb-infobox__content-wrap  uagb-infobox-icon-above-title uagb-infobox-image-valign-top\"><div class=\"uagb-ifb-content\"><div class=\"uagb-ifb-title-wrap\"><p class=\"uagb-ifb-title-prefix\">EUROPCAR<\/p><h6 class=\"uagb-ifb-title\">Dpto. T\u00e9cnico. Mantenimiento de equipos<\/h6><\/div><p class=\"uagb-ifb-desc\">Instalaci\u00f3n y reparaci\u00f3n de equipos inform\u00e1ticos<\/p><\/div><\/div>\n<\/div>\n\n\n\n<div class=\"wp-block-uagb-separator uagb-block-17992190\"><div class=\"wp-block-uagb-separator__inner\" style=\"--my-background-image:\"><\/div><\/div>\n<\/div>\n<\/div><\/div>\n\n\n\n<p><\/p>\n","protected":false},"excerpt":{"rendered":"","protected":false},"author":2,"featured_media":0,"parent":0,"menu_order":0,"comment_status":"closed","ping_status":"closed","template":"","meta":{"_uag_custom_page_level_css":"","footnotes":""},"class_list":["post-1064","page","type-page","status-publish","hentry"],"uagb_featured_image_src":{"full":false,"thumbnail":false,"medium":false,"medium_large":false,"large":false,"1536x1536":false,"2048x2048":false},"uagb_author_info":{"display_name":"NIMSISTEMAS","author_link":"https:\/\/www.nimsistemas.es\/?author=2"},"uagb_comment_info":0,"uagb_excerpt":null,"_links":{"self":[{"href":"https:\/\/www.nimsistemas.es\/index.php?rest_route=\/wp\/v2\/pages\/1064","targetHints":{"allow":["GET"]}}],"collection":[{"href":"https:\/\/www.nimsistemas.es\/index.php?rest_route=\/wp\/v2\/pages"}],"about":[{"href":"https:\/\/www.nimsistemas.es\/index.php?rest_route=\/wp\/v2\/types\/page"}],"author":[{"embeddable":true,"href":"https:\/\/www.nimsistemas.es\/index.php?rest_route=\/wp\/v2\/users\/2"}],"replies":[{"embeddable":true,"href":"https:\/\/www.nimsistemas.es\/index.php?rest_route=%2Fwp%2Fv2%2Fcomments&post=1064"}],"version-history":[{"count":10,"href":"https:\/\/www.nimsistemas.es\/index.php?rest_route=\/wp\/v2\/pages\/1064\/revisions"}],"predecessor-version":[{"id":1250,"href":"https:\/\/www.nimsistemas.es\/index.php?rest_route=\/wp\/v2\/pages\/1064\/revisions\/1250"}],"wp:attachment":[{"href":"https:\/\/www.nimsistemas.es\/index.php?rest_route=%2Fwp%2Fv2%2Fmedia&parent=1064"}],"curies":[{"name":"wp","href":"https:\/\/api.w.org\/{rel}","templated":true}]}}